{"id":4223,"date":"2022-09-06T16:34:41","date_gmt":"2022-09-06T14:34:41","guid":{"rendered":"https:\/\/lotussafe.com\/izdelek\/lotus-safe-babykissen\/"},"modified":"2023-01-24T15:45:42","modified_gmt":"2023-01-24T14:45:42","slug":"lotus-safe-babykissen","status":"publish","type":"product","link":"https:\/\/lotussafe.com\/de\/Produkt\/lotus-safe-babykissen\/","title":{"rendered":"Lotus Safe Babykissen"},"content":{"rendered":"<p>EIGENSCHAFTEN UND VERWENDUNG<\/p>\n<ul>\n<li>Waschbarer Au\u00dfenbezug aus 100% Baumwolle.<\/li>\n<li>Innere F\u00fcllung: 100% PFLANZENFASERHAUBE, die organisch, superleicht und antiallergisch ist<\/li>\n<li>Inneres gestepptes Schutzgewebe NI\/CU<\/li>\n<li>Das Kissen reduziert die hochfrequente EM-Strahlung von Mobilger\u00e4ten um mehr als 90%.<\/li>\n<li>Abmessungen: 32X32cm<\/li>\n<\/ul>\n<p>Bringen Sie Ihren Kindern bei, elektronische Ger\u00e4te (Handys, Tablets oder Laptops) auf sichere und gesunde Weise zu benutzen. LOTUS SAFE KIDS sollten das Kissen zwischen dem Ger\u00e4t und ihrem K\u00f6rper platzieren, wenn sie ihre Lieblingsserien sehen oder ihre Lieblingsspiele spielen. Dies tr\u00e4gt dazu bei, ihre K\u00f6rperorgane und, insbesondere bei Jungen, ihre Fortpflanzungsorgane zu sch\u00fctzen.<\/p>\n","protected":false},"excerpt":{"rendered":"<p>Das LOTUS SAFE Babykissen sch\u00fctzt Ihre Kleinen vor der Strahlung, die von mobilen Ger\u00e4ten ausgeht. Legen Sie das Kissen unter Ihr Telefon, Tablet oder Laptop. Mit dem eingen\u00e4hten NI\/CU-Abschirmungsmaterial verhindert das Kissen weitestgehend, dass HF-EM-Strahlung in den K\u00f6rper gelangt.<\/p>\n","protected":false},"featured_media":3367,"template":"","meta":[],"product_brand":[],"product_cat":[122],"product_tag":[],"class_list":{"0":"post-4223","1":"product","2":"type-product","3":"status-publish","4":"has-post-thumbnail","6":"product_cat-bundelt","8":"first","9":"instock","10":"shipping-taxable","11":"purchasable","12":"product-type-variable"},"bundled_by":[],"bundle_stock_status":"instock","bundle_stock_quantity":null,"bundle_virtual":false,"bundle_layout":"","bundle_add_to_cart_form_location":"","bundle_editable_in_cart":false,"bundle_sold_individually_context":"","bundle_item_grouping":"","bundle_min_size":"","bundle_max_size":"","bundled_items":[],"bundle_sell_ids":[],"yoast_head":"<!-- This site is optimized with the Yoast SEO plugin v24.4 - https:\/\/yoast.com\/wordpress\/plugins\/seo\/ -->\n<title>Lotus Safe Babykissen - Lotus safe<\/title>\n<meta name=\"robots\" content=\"index, follow, max-snippet:-1, max-image-preview:large, max-video-preview:-1\" \/>\n<link rel=\"canonical\" href=\"https:\/\/lotussafe.com\/de\/Produkt\/lotus-safe-babykissen\/\" \/>\n<meta property=\"og:locale\" content=\"de_DE\" \/>\n<meta property=\"og:type\" content=\"article\" \/>\n<meta property=\"og:title\" content=\"Lotus Safe Babykissen - Lotus safe\" \/>\n<meta property=\"og:description\" content=\"Das LOTUS SAFE Babykissen sch\u00fctzt Ihre Kleinen vor der Strahlung, die von mobilen Ger\u00e4ten ausgeht. Legen Sie das Kissen unter Ihr Telefon, Tablet oder Laptop. Mit dem eingen\u00e4hten NI\/CU-Abschirmungsmaterial verhindert das Kissen weitestgehend, dass HF-EM-Strahlung in den K\u00f6rper gelangt.\" \/>\n<meta property=\"og:url\" content=\"https:\/\/lotussafe.com\/de\/Produkt\/lotus-safe-babykissen\/\" \/>\n<meta property=\"og:site_name\" content=\"Lotus safe\" \/>\n<meta property=\"article:publisher\" content=\"https:\/\/www.facebook.com\/lotussafe\" \/>\n<meta property=\"article:modified_time\" content=\"2023-01-24T14:45:42+00:00\" \/>\n<meta property=\"og:image\" content=\"https:\/\/lotussafe.com\/wp-content\/uploads\/2022\/08\/lotus-safe-otroska-blazina-roza-03.jpg\" \/>\n\t<meta property=\"og:image:width\" content=\"1280\" \/>\n\t<meta property=\"og:image:height\" content=\"1920\" \/>\n\t<meta property=\"og:image:type\" content=\"image\/jpeg\" \/>\n<meta name=\"twitter:card\" content=\"summary_large_image\" \/>\n<script type=\"application\/ld+json\" class=\"yoast-schema-graph\">{\"@context\":\"https:\/\/schema.org\",\"@graph\":[{\"@type\":\"WebPage\",\"@id\":\"https:\/\/lotussafe.com\/de\/Produkt\/lotus-safe-babykissen\/\",\"url\":\"https:\/\/lotussafe.com\/de\/Produkt\/lotus-safe-babykissen\/\",\"name\":\"Lotus Safe Babykissen - Lotus safe\",\"isPartOf\":{\"@id\":\"https:\/\/lotussafe.com\/de\/#website\"},\"primaryImageOfPage\":{\"@id\":\"https:\/\/lotussafe.com\/de\/Produkt\/lotus-safe-babykissen\/#primaryimage\"},\"image\":{\"@id\":\"https:\/\/lotussafe.com\/de\/Produkt\/lotus-safe-babykissen\/#primaryimage\"},\"thumbnailUrl\":\"https:\/\/lotussafe.com\/wp-content\/uploads\/2022\/08\/lotus-safe-otroska-blazina-roza-03.jpg\",\"datePublished\":\"2022-09-06T14:34:41+00:00\",\"dateModified\":\"2023-01-24T14:45:42+00:00\",\"breadcrumb\":{\"@id\":\"https:\/\/lotussafe.com\/de\/Produkt\/lotus-safe-babykissen\/#breadcrumb\"},\"inLanguage\":\"de\",\"potentialAction\":[{\"@type\":\"ReadAction\",\"target\":[\"https:\/\/lotussafe.com\/de\/Produkt\/lotus-safe-babykissen\/\"]}]},{\"@type\":\"ImageObject\",\"inLanguage\":\"de\",\"@id\":\"https:\/\/lotussafe.com\/de\/Produkt\/lotus-safe-babykissen\/#primaryimage\",\"url\":\"https:\/\/lotussafe.com\/wp-content\/uploads\/2022\/08\/lotus-safe-otroska-blazina-roza-03.jpg\",\"contentUrl\":\"https:\/\/lotussafe.com\/wp-content\/uploads\/2022\/08\/lotus-safe-otroska-blazina-roza-03.jpg\",\"width\":1280,\"height\":1920},{\"@type\":\"BreadcrumbList\",\"@id\":\"https:\/\/lotussafe.com\/de\/Produkt\/lotus-safe-babykissen\/#breadcrumb\",\"itemListElement\":[{\"@type\":\"ListItem\",\"position\":1,\"name\":\"Domov\",\"item\":\"https:\/\/lotussafe.com\/de\/startseite\/\"},{\"@type\":\"ListItem\",\"position\":2,\"name\":\"Laden\",\"item\":\"https:\/\/lotussafe.com\/de\/geschaeft\/\"},{\"@type\":\"ListItem\",\"position\":3,\"name\":\"Lotus Safe Babykissen\"}]},{\"@type\":\"WebSite\",\"@id\":\"https:\/\/lotussafe.com\/de\/#website\",\"url\":\"https:\/\/lotussafe.com\/de\/\",\"name\":\"Lotus safe\",\"description\":\"Protect yourself against RF EM radiation\",\"publisher\":{\"@id\":\"https:\/\/lotussafe.com\/de\/#organization\"},\"potentialAction\":[{\"@type\":\"SearchAction\",\"target\":{\"@type\":\"EntryPoint\",\"urlTemplate\":\"https:\/\/lotussafe.com\/de\/?s={search_term_string}\"},\"query-input\":{\"@type\":\"PropertyValueSpecification\",\"valueRequired\":true,\"valueName\":\"search_term_string\"}}],\"inLanguage\":\"de\"},{\"@type\":\"Organization\",\"@id\":\"https:\/\/lotussafe.com\/de\/#organization\",\"name\":\"Lotus safe\",\"url\":\"https:\/\/lotussafe.com\/de\/\",\"logo\":{\"@type\":\"ImageObject\",\"inLanguage\":\"de\",\"@id\":\"https:\/\/lotussafe.com\/de\/#\/schema\/logo\/image\/\",\"url\":\"https:\/\/lotussafe.com\/wp-content\/uploads\/2022\/07\/lotussafe-logo-01.png\",\"contentUrl\":\"https:\/\/lotussafe.com\/wp-content\/uploads\/2022\/07\/lotussafe-logo-01.png\",\"width\":558,\"height\":159,\"caption\":\"Lotus safe\"},\"image\":{\"@id\":\"https:\/\/lotussafe.com\/de\/#\/schema\/logo\/image\/\"},\"sameAs\":[\"https:\/\/www.facebook.com\/lotussafe\"]}]}<\/script>\n<meta property=\"og:availability\" content=\"instock\" \/>\n<meta property=\"product:availability\" content=\"instock\" \/>\n<meta property=\"product:condition\" content=\"new\" \/>\n<!-- \/ Yoast SEO plugin. -->","yoast_head_json":{"title":"Lotus Safe Babykissen - Lotus safe","robots":{"index":"index","follow":"follow","max-snippet":"max-snippet:-1","max-image-preview":"max-image-preview:large","max-video-preview":"max-video-preview:-1"},"canonical":"https:\/\/lotussafe.com\/de\/Produkt\/lotus-safe-babykissen\/","og_locale":"de_DE","og_type":"article","og_title":"Lotus Safe Babykissen - Lotus safe","og_description":"Das LOTUS SAFE Babykissen sch\u00fctzt Ihre Kleinen vor der Strahlung, die von mobilen Ger\u00e4ten ausgeht. Legen Sie das Kissen unter Ihr Telefon, Tablet oder Laptop. Mit dem eingen\u00e4hten NI\/CU-Abschirmungsmaterial verhindert das Kissen weitestgehend, dass HF-EM-Strahlung in den K\u00f6rper gelangt.","og_url":"https:\/\/lotussafe.com\/de\/Produkt\/lotus-safe-babykissen\/","og_site_name":"Lotus safe","article_publisher":"https:\/\/www.facebook.com\/lotussafe","article_modified_time":"2023-01-24T14:45:42+00:00","og_image":[{"width":1280,"height":1920,"url":"https:\/\/lotussafe.com\/wp-content\/uploads\/2022\/08\/lotus-safe-otroska-blazina-roza-03.jpg","type":"image\/jpeg"}],"twitter_card":"summary_large_image","schema":{"@context":"https:\/\/schema.org","@graph":[{"@type":"WebPage","@id":"https:\/\/lotussafe.com\/de\/Produkt\/lotus-safe-babykissen\/","url":"https:\/\/lotussafe.com\/de\/Produkt\/lotus-safe-babykissen\/","name":"Lotus Safe Babykissen - Lotus safe","isPartOf":{"@id":"https:\/\/lotussafe.com\/de\/#website"},"primaryImageOfPage":{"@id":"https:\/\/lotussafe.com\/de\/Produkt\/lotus-safe-babykissen\/#primaryimage"},"image":{"@id":"https:\/\/lotussafe.com\/de\/Produkt\/lotus-safe-babykissen\/#primaryimage"},"thumbnailUrl":"https:\/\/lotussafe.com\/wp-content\/uploads\/2022\/08\/lotus-safe-otroska-blazina-roza-03.jpg","datePublished":"2022-09-06T14:34:41+00:00","dateModified":"2023-01-24T14:45:42+00:00","breadcrumb":{"@id":"https:\/\/lotussafe.com\/de\/Produkt\/lotus-safe-babykissen\/#breadcrumb"},"inLanguage":"de","potentialAction":[{"@type":"ReadAction","target":["https:\/\/lotussafe.com\/de\/Produkt\/lotus-safe-babykissen\/"]}]},{"@type":"ImageObject","inLanguage":"de","@id":"https:\/\/lotussafe.com\/de\/Produkt\/lotus-safe-babykissen\/#primaryimage","url":"https:\/\/lotussafe.com\/wp-content\/uploads\/2022\/08\/lotus-safe-otroska-blazina-roza-03.jpg","contentUrl":"https:\/\/lotussafe.com\/wp-content\/uploads\/2022\/08\/lotus-safe-otroska-blazina-roza-03.jpg","width":1280,"height":1920},{"@type":"BreadcrumbList","@id":"https:\/\/lotussafe.com\/de\/Produkt\/lotus-safe-babykissen\/#breadcrumb","itemListElement":[{"@type":"ListItem","position":1,"name":"Domov","item":"https:\/\/lotussafe.com\/de\/startseite\/"},{"@type":"ListItem","position":2,"name":"Laden","item":"https:\/\/lotussafe.com\/de\/geschaeft\/"},{"@type":"ListItem","position":3,"name":"Lotus Safe Babykissen"}]},{"@type":"WebSite","@id":"https:\/\/lotussafe.com\/de\/#website","url":"https:\/\/lotussafe.com\/de\/","name":"Lotus safe","description":"Protect yourself against RF EM radiation","publisher":{"@id":"https:\/\/lotussafe.com\/de\/#organization"},"potentialAction":[{"@type":"SearchAction","target":{"@type":"EntryPoint","urlTemplate":"https:\/\/lotussafe.com\/de\/?s={search_term_string}"},"query-input":{"@type":"PropertyValueSpecification","valueRequired":true,"valueName":"search_term_string"}}],"inLanguage":"de"},{"@type":"Organization","@id":"https:\/\/lotussafe.com\/de\/#organization","name":"Lotus safe","url":"https:\/\/lotussafe.com\/de\/","logo":{"@type":"ImageObject","inLanguage":"de","@id":"https:\/\/lotussafe.com\/de\/#\/schema\/logo\/image\/","url":"https:\/\/lotussafe.com\/wp-content\/uploads\/2022\/07\/lotussafe-logo-01.png","contentUrl":"https:\/\/lotussafe.com\/wp-content\/uploads\/2022\/07\/lotussafe-logo-01.png","width":558,"height":159,"caption":"Lotus safe"},"image":{"@id":"https:\/\/lotussafe.com\/de\/#\/schema\/logo\/image\/"},"sameAs":["https:\/\/www.facebook.com\/lotussafe"]}]},"og_availability":"instock","product_availability":"instock","product_condition":"new"},"_links":{"self":[{"href":"https:\/\/lotussafe.com\/de\/wp-json\/wp\/v2\/product\/4223","targetHints":{"allow":["GET"]}}],"collection":[{"href":"https:\/\/lotussafe.com\/de\/wp-json\/wp\/v2\/product"}],"about":[{"href":"https:\/\/lotussafe.com\/de\/wp-json\/wp\/v2\/types\/product"}],"wp:featuredmedia":[{"embeddable":true,"href":"https:\/\/lotussafe.com\/de\/wp-json\/wp\/v2\/media\/3367"}],"wp:attachment":[{"href":"https:\/\/lotussafe.com\/de\/wp-json\/wp\/v2\/media?parent=4223"}],"wp:term":[{"taxonomy":"product_brand","embeddable":true,"href":"https:\/\/lotussafe.com\/de\/wp-json\/wp\/v2\/product_brand?post=4223"},{"taxonomy":"product_cat","embeddable":true,"href":"https:\/\/lotussafe.com\/de\/wp-json\/wp\/v2\/product_cat?post=4223"},{"taxonomy":"product_tag","embeddable":true,"href":"https:\/\/lotussafe.com\/de\/wp-json\/wp\/v2\/product_tag?post=4223"}],"curies":[{"name":"wp","href":"https:\/\/api.w.org\/{rel}","templated":true}]}}