{"id":4214,"date":"2022-08-30T13:39:02","date_gmt":"2022-08-30T11:39:02","guid":{"rendered":"https:\/\/lotussafe.com\/izdelek\/lotus-safe-handyhuelle-schwarz\/"},"modified":"2023-01-24T15:45:47","modified_gmt":"2023-01-24T14:45:47","slug":"lotus-safe-vitek-fur-telefon-crna","status":"publish","type":"product","link":"https:\/\/lotussafe.com\/de\/Produkt\/lotus-safe-vitek-fur-telefon-crna\/","title":{"rendered":"Lotus Safe Handyh\u00fclle &#8211; schwarz"},"content":{"rendered":"<p>Die H\u00fclle bietet Strahlenschutz f\u00fcr Ihr mobiles Ger\u00e4t. Die Au\u00dfenseite besteht aus einem strapazierf\u00e4higen, wasserabweisenden Stoff (100% Polyester). Das Innere ist vollst\u00e4ndig ummantelt und mit NI\/CU-Abschirmgewebe vern\u00e4ht, das 99,98 % der HF-EM-Strahlung davon abh\u00e4lt, den K\u00f6rper in alle Richtungen zu erreichen. Die Gr\u00f6\u00dfe der H\u00fclle betr\u00e4gt 18 cm &#8211; H\u00d6HE, 9 cm &#8211; BREITE und ist f\u00fcr die meisten auf dem Markt befindlichen Mobiltelefone geeignet.<\/p>\n","protected":false},"excerpt":{"rendered":"<p class=\"p1\"><span class=\"s2\">Die Handyh\u00fclle dient dazu, Ihr Mobiltelefon vor Strahlung zu sch\u00fctzen und es aufzubewahren, wenn Sie es nicht aktiv benutzen.<\/span><\/p>\n<p class=\"p1\"><strong><span class=\"s1\">Merkmale:<\/span><\/strong><\/p>\n<ul>\n<li class=\"p4\">\n<div dir=\"auto\">Wir empfehlen eine Abdeckung, wenn Sie die Strahlung auf Ihren K\u00f6rper reduzieren m\u00f6chten.<\/div>\n<\/li>\n<li class=\"p4\">\n<div dir=\"auto\">Wenn Sie Ihr Telefon in der Hosentasche, der Jackentasche, der Handtasche oder im Rucksack tragen &#8230;<\/div>\n<\/li>\n<li class=\"p4\">\n<div dir=\"auto\">Wenn Sie mit Ihrem Mobiltelefon in der N\u00e4he schlafen.<\/div>\n<\/li>\n<li class=\"p4\">\n<div dir=\"auto\">Wir empfehlen es besonders Schwangeren und jungen M\u00fcttern, die mit ihren Kindern spazieren gehen, da sich Ihr mobiles Ger\u00e4t in dieser Zeit am ehesten in der N\u00e4he Ihrer Kleinen befindet.<\/div>\n<\/li>\n<\/ul>\n","protected":false},"featured_media":5001,"template":"","meta":[],"product_brand":[],"product_cat":[93,96],"product_tag":[],"class_list":{"0":"post-4214","1":"product","2":"type-product","3":"status-publish","4":"has-post-thumbnail","6":"product_cat-alle-produkte-de","7":"product_cat-heim","9":"first","10":"instock","11":"sale","12":"shipping-taxable","13":"purchasable","14":"product-type-simple"},"bundled_by":[],"bundle_stock_status":"instock","bundle_stock_quantity":null,"bundle_virtual":false,"bundle_layout":"","bundle_add_to_cart_form_location":"","bundle_editable_in_cart":false,"bundle_sold_individually_context":"","bundle_item_grouping":"","bundle_min_size":"","bundle_max_size":"","bundled_items":[],"bundle_sell_ids":[],"yoast_head":"<!-- This site is optimized with the Yoast SEO plugin v24.4 - https:\/\/yoast.com\/wordpress\/plugins\/seo\/ -->\n<title>Lotus Safe Handyh\u00fclle - schwarz - Lotus safe<\/title>\n<meta name=\"robots\" content=\"index, follow, max-snippet:-1, max-image-preview:large, max-video-preview:-1\" \/>\n<link rel=\"canonical\" href=\"https:\/\/lotussafe.com\/de\/Produkt\/lotus-safe-vitek-fur-telefon-crna\/\" \/>\n<meta property=\"og:locale\" content=\"de_DE\" \/>\n<meta property=\"og:type\" content=\"article\" \/>\n<meta property=\"og:title\" content=\"Lotus Safe Handyh\u00fclle - schwarz - Lotus safe\" \/>\n<meta property=\"og:description\" content=\"Die Handyh\u00fclle dient dazu, Ihr Mobiltelefon vor Strahlung zu sch\u00fctzen und es aufzubewahren, wenn Sie es nicht aktiv benutzen. Merkmale:   Wir empfehlen eine Abdeckung, wenn Sie die Strahlung auf Ihren K\u00f6rper reduzieren m\u00f6chten.  Wenn Sie Ihr Telefon in der Hosentasche, der Jackentasche, der Handtasche oder im Rucksack tragen ...  Wenn Sie mit Ihrem Mobiltelefon in der N\u00e4he schlafen.  Wir empfehlen es besonders Schwangeren und jungen M\u00fcttern, die mit ihren Kindern spazieren gehen, da sich Ihr mobiles Ger\u00e4t in dieser Zeit am ehesten in der N\u00e4he Ihrer Kleinen befindet.\" \/>\n<meta property=\"og:url\" content=\"https:\/\/lotussafe.com\/de\/Produkt\/lotus-safe-vitek-fur-telefon-crna\/\" \/>\n<meta property=\"og:site_name\" content=\"Lotus safe\" \/>\n<meta property=\"article:publisher\" content=\"https:\/\/www.facebook.com\/lotussafe\" \/>\n<meta property=\"article:modified_time\" content=\"2023-01-24T14:45:47+00:00\" \/>\n<meta property=\"og:image\" content=\"https:\/\/lotussafe.com\/wp-content\/uploads\/2022\/08\/lotus-safe-etui-za-telefon-crn-v2-01.jpg\" \/>\n\t<meta property=\"og:image:width\" content=\"1660\" \/>\n\t<meta property=\"og:image:height\" content=\"2075\" \/>\n\t<meta property=\"og:image:type\" content=\"image\/jpeg\" \/>\n<meta name=\"twitter:card\" content=\"summary_large_image\" \/>\n<script type=\"application\/ld+json\" class=\"yoast-schema-graph\">{\"@context\":\"https:\/\/schema.org\",\"@graph\":[{\"@type\":\"WebPage\",\"@id\":\"https:\/\/lotussafe.com\/de\/Produkt\/lotus-safe-vitek-fur-telefon-crna\/\",\"url\":\"https:\/\/lotussafe.com\/de\/Produkt\/lotus-safe-vitek-fur-telefon-crna\/\",\"name\":\"Lotus Safe Handyh\u00fclle - schwarz - Lotus safe\",\"isPartOf\":{\"@id\":\"https:\/\/lotussafe.com\/de\/#website\"},\"primaryImageOfPage\":{\"@id\":\"https:\/\/lotussafe.com\/de\/Produkt\/lotus-safe-vitek-fur-telefon-crna\/#primaryimage\"},\"image\":{\"@id\":\"https:\/\/lotussafe.com\/de\/Produkt\/lotus-safe-vitek-fur-telefon-crna\/#primaryimage\"},\"thumbnailUrl\":\"https:\/\/lotussafe.com\/wp-content\/uploads\/2022\/08\/lotus-safe-etui-za-telefon-crn-v2-01.jpg\",\"datePublished\":\"2022-08-30T11:39:02+00:00\",\"dateModified\":\"2023-01-24T14:45:47+00:00\",\"breadcrumb\":{\"@id\":\"https:\/\/lotussafe.com\/de\/Produkt\/lotus-safe-vitek-fur-telefon-crna\/#breadcrumb\"},\"inLanguage\":\"de\",\"potentialAction\":[{\"@type\":\"ReadAction\",\"target\":[\"https:\/\/lotussafe.com\/de\/Produkt\/lotus-safe-vitek-fur-telefon-crna\/\"]}]},{\"@type\":\"ImageObject\",\"inLanguage\":\"de\",\"@id\":\"https:\/\/lotussafe.com\/de\/Produkt\/lotus-safe-vitek-fur-telefon-crna\/#primaryimage\",\"url\":\"https:\/\/lotussafe.com\/wp-content\/uploads\/2022\/08\/lotus-safe-etui-za-telefon-crn-v2-01.jpg\",\"contentUrl\":\"https:\/\/lotussafe.com\/wp-content\/uploads\/2022\/08\/lotus-safe-etui-za-telefon-crn-v2-01.jpg\",\"width\":1660,\"height\":2075,\"caption\":\"lotus-safe-phone-case-crn-v2-01\"},{\"@type\":\"BreadcrumbList\",\"@id\":\"https:\/\/lotussafe.com\/de\/Produkt\/lotus-safe-vitek-fur-telefon-crna\/#breadcrumb\",\"itemListElement\":[{\"@type\":\"ListItem\",\"position\":1,\"name\":\"Domov\",\"item\":\"https:\/\/lotussafe.com\/de\/startseite\/\"},{\"@type\":\"ListItem\",\"position\":2,\"name\":\"Laden\",\"item\":\"https:\/\/lotussafe.com\/de\/geschaeft\/\"},{\"@type\":\"ListItem\",\"position\":3,\"name\":\"Lotus Safe Handyh\u00fclle &#8211; schwarz\"}]},{\"@type\":\"WebSite\",\"@id\":\"https:\/\/lotussafe.com\/de\/#website\",\"url\":\"https:\/\/lotussafe.com\/de\/\",\"name\":\"Lotus safe\",\"description\":\"Protect yourself against RF EM radiation\",\"publisher\":{\"@id\":\"https:\/\/lotussafe.com\/de\/#organization\"},\"potentialAction\":[{\"@type\":\"SearchAction\",\"target\":{\"@type\":\"EntryPoint\",\"urlTemplate\":\"https:\/\/lotussafe.com\/de\/?s={search_term_string}\"},\"query-input\":{\"@type\":\"PropertyValueSpecification\",\"valueRequired\":true,\"valueName\":\"search_term_string\"}}],\"inLanguage\":\"de\"},{\"@type\":\"Organization\",\"@id\":\"https:\/\/lotussafe.com\/de\/#organization\",\"name\":\"Lotus safe\",\"url\":\"https:\/\/lotussafe.com\/de\/\",\"logo\":{\"@type\":\"ImageObject\",\"inLanguage\":\"de\",\"@id\":\"https:\/\/lotussafe.com\/de\/#\/schema\/logo\/image\/\",\"url\":\"https:\/\/lotussafe.com\/wp-content\/uploads\/2022\/07\/lotussafe-logo-01.png\",\"contentUrl\":\"https:\/\/lotussafe.com\/wp-content\/uploads\/2022\/07\/lotussafe-logo-01.png\",\"width\":558,\"height\":159,\"caption\":\"Lotus safe\"},\"image\":{\"@id\":\"https:\/\/lotussafe.com\/de\/#\/schema\/logo\/image\/\"},\"sameAs\":[\"https:\/\/www.facebook.com\/lotussafe\"]}]}<\/script>\n<meta property=\"product:price:amount\" content=\"19.10\" \/>\n<meta property=\"product:price:currency\" content=\"EUR\" \/>\n<meta property=\"og:availability\" content=\"instock\" \/>\n<meta property=\"product:availability\" content=\"instock\" \/>\n<meta property=\"product:condition\" content=\"new\" \/>\n<!-- \/ Yoast SEO plugin. -->","yoast_head_json":{"title":"Lotus Safe Handyh\u00fclle - schwarz - Lotus safe","robots":{"index":"index","follow":"follow","max-snippet":"max-snippet:-1","max-image-preview":"max-image-preview:large","max-video-preview":"max-video-preview:-1"},"canonical":"https:\/\/lotussafe.com\/de\/Produkt\/lotus-safe-vitek-fur-telefon-crna\/","og_locale":"de_DE","og_type":"article","og_title":"Lotus Safe Handyh\u00fclle - schwarz - Lotus safe","og_description":"Die Handyh\u00fclle dient dazu, Ihr Mobiltelefon vor Strahlung zu sch\u00fctzen und es aufzubewahren, wenn Sie es nicht aktiv benutzen. Merkmale:   Wir empfehlen eine Abdeckung, wenn Sie die Strahlung auf Ihren K\u00f6rper reduzieren m\u00f6chten.  Wenn Sie Ihr Telefon in der Hosentasche, der Jackentasche, der Handtasche oder im Rucksack tragen ...  Wenn Sie mit Ihrem Mobiltelefon in der N\u00e4he schlafen.  Wir empfehlen es besonders Schwangeren und jungen M\u00fcttern, die mit ihren Kindern spazieren gehen, da sich Ihr mobiles Ger\u00e4t in dieser Zeit am ehesten in der N\u00e4he Ihrer Kleinen befindet.","og_url":"https:\/\/lotussafe.com\/de\/Produkt\/lotus-safe-vitek-fur-telefon-crna\/","og_site_name":"Lotus safe","article_publisher":"https:\/\/www.facebook.com\/lotussafe","article_modified_time":"2023-01-24T14:45:47+00:00","og_image":[{"width":1660,"height":2075,"url":"https:\/\/lotussafe.com\/wp-content\/uploads\/2022\/08\/lotus-safe-etui-za-telefon-crn-v2-01.jpg","type":"image\/jpeg"}],"twitter_card":"summary_large_image","schema":{"@context":"https:\/\/schema.org","@graph":[{"@type":"WebPage","@id":"https:\/\/lotussafe.com\/de\/Produkt\/lotus-safe-vitek-fur-telefon-crna\/","url":"https:\/\/lotussafe.com\/de\/Produkt\/lotus-safe-vitek-fur-telefon-crna\/","name":"Lotus Safe Handyh\u00fclle - schwarz - Lotus safe","isPartOf":{"@id":"https:\/\/lotussafe.com\/de\/#website"},"primaryImageOfPage":{"@id":"https:\/\/lotussafe.com\/de\/Produkt\/lotus-safe-vitek-fur-telefon-crna\/#primaryimage"},"image":{"@id":"https:\/\/lotussafe.com\/de\/Produkt\/lotus-safe-vitek-fur-telefon-crna\/#primaryimage"},"thumbnailUrl":"https:\/\/lotussafe.com\/wp-content\/uploads\/2022\/08\/lotus-safe-etui-za-telefon-crn-v2-01.jpg","datePublished":"2022-08-30T11:39:02+00:00","dateModified":"2023-01-24T14:45:47+00:00","breadcrumb":{"@id":"https:\/\/lotussafe.com\/de\/Produkt\/lotus-safe-vitek-fur-telefon-crna\/#breadcrumb"},"inLanguage":"de","potentialAction":[{"@type":"ReadAction","target":["https:\/\/lotussafe.com\/de\/Produkt\/lotus-safe-vitek-fur-telefon-crna\/"]}]},{"@type":"ImageObject","inLanguage":"de","@id":"https:\/\/lotussafe.com\/de\/Produkt\/lotus-safe-vitek-fur-telefon-crna\/#primaryimage","url":"https:\/\/lotussafe.com\/wp-content\/uploads\/2022\/08\/lotus-safe-etui-za-telefon-crn-v2-01.jpg","contentUrl":"https:\/\/lotussafe.com\/wp-content\/uploads\/2022\/08\/lotus-safe-etui-za-telefon-crn-v2-01.jpg","width":1660,"height":2075,"caption":"lotus-safe-phone-case-crn-v2-01"},{"@type":"BreadcrumbList","@id":"https:\/\/lotussafe.com\/de\/Produkt\/lotus-safe-vitek-fur-telefon-crna\/#breadcrumb","itemListElement":[{"@type":"ListItem","position":1,"name":"Domov","item":"https:\/\/lotussafe.com\/de\/startseite\/"},{"@type":"ListItem","position":2,"name":"Laden","item":"https:\/\/lotussafe.com\/de\/geschaeft\/"},{"@type":"ListItem","position":3,"name":"Lotus Safe Handyh\u00fclle &#8211; schwarz"}]},{"@type":"WebSite","@id":"https:\/\/lotussafe.com\/de\/#website","url":"https:\/\/lotussafe.com\/de\/","name":"Lotus safe","description":"Protect yourself against RF EM radiation","publisher":{"@id":"https:\/\/lotussafe.com\/de\/#organization"},"potentialAction":[{"@type":"SearchAction","target":{"@type":"EntryPoint","urlTemplate":"https:\/\/lotussafe.com\/de\/?s={search_term_string}"},"query-input":{"@type":"PropertyValueSpecification","valueRequired":true,"valueName":"search_term_string"}}],"inLanguage":"de"},{"@type":"Organization","@id":"https:\/\/lotussafe.com\/de\/#organization","name":"Lotus safe","url":"https:\/\/lotussafe.com\/de\/","logo":{"@type":"ImageObject","inLanguage":"de","@id":"https:\/\/lotussafe.com\/de\/#\/schema\/logo\/image\/","url":"https:\/\/lotussafe.com\/wp-content\/uploads\/2022\/07\/lotussafe-logo-01.png","contentUrl":"https:\/\/lotussafe.com\/wp-content\/uploads\/2022\/07\/lotussafe-logo-01.png","width":558,"height":159,"caption":"Lotus safe"},"image":{"@id":"https:\/\/lotussafe.com\/de\/#\/schema\/logo\/image\/"},"sameAs":["https:\/\/www.facebook.com\/lotussafe"]}]},"product_price_amount":"19.10","product_price_currency":"EUR","og_availability":"instock","product_availability":"instock","product_condition":"new"},"_links":{"self":[{"href":"https:\/\/lotussafe.com\/de\/wp-json\/wp\/v2\/product\/4214","targetHints":{"allow":["GET"]}}],"collection":[{"href":"https:\/\/lotussafe.com\/de\/wp-json\/wp\/v2\/product"}],"about":[{"href":"https:\/\/lotussafe.com\/de\/wp-json\/wp\/v2\/types\/product"}],"wp:featuredmedia":[{"embeddable":true,"href":"https:\/\/lotussafe.com\/de\/wp-json\/wp\/v2\/media\/5001"}],"wp:attachment":[{"href":"https:\/\/lotussafe.com\/de\/wp-json\/wp\/v2\/media?parent=4214"}],"wp:term":[{"taxonomy":"product_brand","embeddable":true,"href":"https:\/\/lotussafe.com\/de\/wp-json\/wp\/v2\/product_brand?post=4214"},{"taxonomy":"product_cat","embeddable":true,"href":"https:\/\/lotussafe.com\/de\/wp-json\/wp\/v2\/product_cat?post=4214"},{"taxonomy":"product_tag","embeddable":true,"href":"https:\/\/lotussafe.com\/de\/wp-json\/wp\/v2\/product_tag?post=4214"}],"curies":[{"name":"wp","href":"https:\/\/api.w.org\/{rel}","templated":true}]}}