{"id":4181,"date":"2022-08-30T13:14:07","date_gmt":"2022-08-30T11:14:07","guid":{"rendered":"https:\/\/lotussafe.com\/izdelek\/lotus-safe-reisekissen-grau\/"},"modified":"2023-01-24T15:45:50","modified_gmt":"2023-01-24T14:45:50","slug":"lotus-safe-travel-blend-grey","status":"publish","type":"product","link":"https:\/\/lotussafe.com\/de\/Produkt\/lotus-safe-travel-blend-grey\/","title":{"rendered":"Lotus Safe Reisekissen &#8211; grau"},"content":{"rendered":"<p>FEATURES<\/p>\n<ul>\n<li>Reduziert die hochfrequente EM-Strahlung Ihres Mobilger\u00e4ts in Richtung Ihres K\u00f6rpers um bis zu 98 %.<\/li>\n<li>Innenf\u00fcllung versteppt mit NI\/CU-Schutz<\/li>\n<li>F\u00fcllung: 100% Bio-KAPOK (Anti-Allergie-Material)<\/li>\n<li>Waschbarer Au\u00dfenbezug aus einer Kombination aus Baumwolle und Polyester<\/li>\n<li>Zusammenklappbar mit Hilfe eines Lanyards und eines Metallstoppers<\/li>\n<li>Abmessungen: 36X36cm<\/li>\n<\/ul>\n<p>VERWENDEN<\/p>\n<p>Legen Sie den Strahlenschutzschild zwischen das elektronische Ger\u00e4t und Ihren K\u00f6rper. Das Kissen kann auch als Nackenst\u00fctze im Auto oder im Flugzeug verwendet werden.<\/p>\n","protected":false},"excerpt":{"rendered":"<p>Das einziehbare LOTUS SAFE Reisekissen sch\u00fctzt Sie vor der EM RF-Strahlung Ihrer mobilen Ger\u00e4te (Telefon, Tablet und Laptop). Legen Sie das Kissen zwischen das elektronische Ger\u00e4t und Ihren K\u00f6rper, um das Eindringen sch\u00e4dlicher HF-EM-Strahlung in Ihren K\u00f6rper so weit wie m\u00f6glich zu verhindern.<\/p>\n","protected":false},"featured_media":3407,"template":"","meta":[],"product_brand":[],"product_cat":[93,96],"product_tag":[],"class_list":{"0":"post-4181","1":"product","2":"type-product","3":"status-publish","4":"has-post-thumbnail","6":"product_cat-alle-produkte-de","7":"product_cat-heim","9":"first","10":"instock","11":"shipping-taxable","12":"purchasable","13":"product-type-simple"},"bundled_by":[],"bundle_stock_status":"instock","bundle_stock_quantity":null,"bundle_virtual":false,"bundle_layout":"","bundle_add_to_cart_form_location":"","bundle_editable_in_cart":false,"bundle_sold_individually_context":"","bundle_item_grouping":"","bundle_min_size":"","bundle_max_size":"","bundled_items":[],"bundle_sell_ids":[],"yoast_head":"<!-- This site is optimized with the Yoast SEO plugin v24.4 - https:\/\/yoast.com\/wordpress\/plugins\/seo\/ -->\n<title>Lotus Safe Reisekissen - grau - Lotus safe<\/title>\n<meta name=\"robots\" content=\"index, follow, max-snippet:-1, max-image-preview:large, max-video-preview:-1\" \/>\n<link rel=\"canonical\" href=\"https:\/\/lotussafe.com\/de\/Produkt\/lotus-safe-travel-blend-grey\/\" \/>\n<meta property=\"og:locale\" content=\"de_DE\" \/>\n<meta property=\"og:type\" content=\"article\" \/>\n<meta property=\"og:title\" content=\"Lotus Safe Reisekissen - grau - Lotus safe\" \/>\n<meta property=\"og:description\" content=\"Das einziehbare LOTUS SAFE Reisekissen sch\u00fctzt Sie vor der EM RF-Strahlung Ihrer mobilen Ger\u00e4te (Telefon, Tablet und Laptop). Legen Sie das Kissen zwischen das elektronische Ger\u00e4t und Ihren K\u00f6rper, um das Eindringen sch\u00e4dlicher HF-EM-Strahlung in Ihren K\u00f6rper so weit wie m\u00f6glich zu verhindern.\" \/>\n<meta property=\"og:url\" content=\"https:\/\/lotussafe.com\/de\/Produkt\/lotus-safe-travel-blend-grey\/\" \/>\n<meta property=\"og:site_name\" content=\"Lotus safe\" \/>\n<meta property=\"article:publisher\" content=\"https:\/\/www.facebook.com\/lotussafe\" \/>\n<meta property=\"article:modified_time\" content=\"2023-01-24T14:45:50+00:00\" \/>\n<meta property=\"og:image\" content=\"https:\/\/lotussafe.com\/wp-content\/uploads\/2022\/08\/lotus-safe-zlozljiva-potovalna-blazina-siva-08.jpg\" \/>\n\t<meta property=\"og:image:width\" content=\"444\" \/>\n\t<meta property=\"og:image:height\" content=\"667\" \/>\n\t<meta property=\"og:image:type\" content=\"image\/jpeg\" \/>\n<meta name=\"twitter:card\" content=\"summary_large_image\" \/>\n<script type=\"application\/ld+json\" class=\"yoast-schema-graph\">{\"@context\":\"https:\/\/schema.org\",\"@graph\":[{\"@type\":\"WebPage\",\"@id\":\"https:\/\/lotussafe.com\/de\/Produkt\/lotus-safe-travel-blend-grey\/\",\"url\":\"https:\/\/lotussafe.com\/de\/Produkt\/lotus-safe-travel-blend-grey\/\",\"name\":\"Lotus Safe Reisekissen - grau - Lotus safe\",\"isPartOf\":{\"@id\":\"https:\/\/lotussafe.com\/de\/#website\"},\"primaryImageOfPage\":{\"@id\":\"https:\/\/lotussafe.com\/de\/Produkt\/lotus-safe-travel-blend-grey\/#primaryimage\"},\"image\":{\"@id\":\"https:\/\/lotussafe.com\/de\/Produkt\/lotus-safe-travel-blend-grey\/#primaryimage\"},\"thumbnailUrl\":\"https:\/\/lotussafe.com\/wp-content\/uploads\/2022\/08\/lotus-safe-zlozljiva-potovalna-blazina-siva-08.jpg\",\"datePublished\":\"2022-08-30T11:14:07+00:00\",\"dateModified\":\"2023-01-24T14:45:50+00:00\",\"breadcrumb\":{\"@id\":\"https:\/\/lotussafe.com\/de\/Produkt\/lotus-safe-travel-blend-grey\/#breadcrumb\"},\"inLanguage\":\"de\",\"potentialAction\":[{\"@type\":\"ReadAction\",\"target\":[\"https:\/\/lotussafe.com\/de\/Produkt\/lotus-safe-travel-blend-grey\/\"]}]},{\"@type\":\"ImageObject\",\"inLanguage\":\"de\",\"@id\":\"https:\/\/lotussafe.com\/de\/Produkt\/lotus-safe-travel-blend-grey\/#primaryimage\",\"url\":\"https:\/\/lotussafe.com\/wp-content\/uploads\/2022\/08\/lotus-safe-zlozljiva-potovalna-blazina-siva-08.jpg\",\"contentUrl\":\"https:\/\/lotussafe.com\/wp-content\/uploads\/2022\/08\/lotus-safe-zlozljiva-potovalna-blazina-siva-08.jpg\",\"width\":444,\"height\":667},{\"@type\":\"BreadcrumbList\",\"@id\":\"https:\/\/lotussafe.com\/de\/Produkt\/lotus-safe-travel-blend-grey\/#breadcrumb\",\"itemListElement\":[{\"@type\":\"ListItem\",\"position\":1,\"name\":\"Domov\",\"item\":\"https:\/\/lotussafe.com\/de\/startseite\/\"},{\"@type\":\"ListItem\",\"position\":2,\"name\":\"Laden\",\"item\":\"https:\/\/lotussafe.com\/de\/geschaeft\/\"},{\"@type\":\"ListItem\",\"position\":3,\"name\":\"Lotus Safe Reisekissen &#8211; grau\"}]},{\"@type\":\"WebSite\",\"@id\":\"https:\/\/lotussafe.com\/de\/#website\",\"url\":\"https:\/\/lotussafe.com\/de\/\",\"name\":\"Lotus safe\",\"description\":\"Protect yourself against RF EM radiation\",\"publisher\":{\"@id\":\"https:\/\/lotussafe.com\/de\/#organization\"},\"potentialAction\":[{\"@type\":\"SearchAction\",\"target\":{\"@type\":\"EntryPoint\",\"urlTemplate\":\"https:\/\/lotussafe.com\/de\/?s={search_term_string}\"},\"query-input\":{\"@type\":\"PropertyValueSpecification\",\"valueRequired\":true,\"valueName\":\"search_term_string\"}}],\"inLanguage\":\"de\"},{\"@type\":\"Organization\",\"@id\":\"https:\/\/lotussafe.com\/de\/#organization\",\"name\":\"Lotus safe\",\"url\":\"https:\/\/lotussafe.com\/de\/\",\"logo\":{\"@type\":\"ImageObject\",\"inLanguage\":\"de\",\"@id\":\"https:\/\/lotussafe.com\/de\/#\/schema\/logo\/image\/\",\"url\":\"https:\/\/lotussafe.com\/wp-content\/uploads\/2022\/07\/lotussafe-logo-01.png\",\"contentUrl\":\"https:\/\/lotussafe.com\/wp-content\/uploads\/2022\/07\/lotussafe-logo-01.png\",\"width\":558,\"height\":159,\"caption\":\"Lotus safe\"},\"image\":{\"@id\":\"https:\/\/lotussafe.com\/de\/#\/schema\/logo\/image\/\"},\"sameAs\":[\"https:\/\/www.facebook.com\/lotussafe\"]}]}<\/script>\n<meta property=\"product:price:amount\" content=\"44.90\" \/>\n<meta property=\"product:price:currency\" content=\"EUR\" \/>\n<meta property=\"og:availability\" content=\"instock\" \/>\n<meta property=\"product:availability\" content=\"instock\" \/>\n<meta property=\"product:condition\" content=\"new\" \/>\n<!-- \/ Yoast SEO plugin. -->","yoast_head_json":{"title":"Lotus Safe Reisekissen - grau - Lotus safe","robots":{"index":"index","follow":"follow","max-snippet":"max-snippet:-1","max-image-preview":"max-image-preview:large","max-video-preview":"max-video-preview:-1"},"canonical":"https:\/\/lotussafe.com\/de\/Produkt\/lotus-safe-travel-blend-grey\/","og_locale":"de_DE","og_type":"article","og_title":"Lotus Safe Reisekissen - grau - Lotus safe","og_description":"Das einziehbare LOTUS SAFE Reisekissen sch\u00fctzt Sie vor der EM RF-Strahlung Ihrer mobilen Ger\u00e4te (Telefon, Tablet und Laptop). Legen Sie das Kissen zwischen das elektronische Ger\u00e4t und Ihren K\u00f6rper, um das Eindringen sch\u00e4dlicher HF-EM-Strahlung in Ihren K\u00f6rper so weit wie m\u00f6glich zu verhindern.","og_url":"https:\/\/lotussafe.com\/de\/Produkt\/lotus-safe-travel-blend-grey\/","og_site_name":"Lotus safe","article_publisher":"https:\/\/www.facebook.com\/lotussafe","article_modified_time":"2023-01-24T14:45:50+00:00","og_image":[{"width":444,"height":667,"url":"https:\/\/lotussafe.com\/wp-content\/uploads\/2022\/08\/lotus-safe-zlozljiva-potovalna-blazina-siva-08.jpg","type":"image\/jpeg"}],"twitter_card":"summary_large_image","schema":{"@context":"https:\/\/schema.org","@graph":[{"@type":"WebPage","@id":"https:\/\/lotussafe.com\/de\/Produkt\/lotus-safe-travel-blend-grey\/","url":"https:\/\/lotussafe.com\/de\/Produkt\/lotus-safe-travel-blend-grey\/","name":"Lotus Safe Reisekissen - grau - Lotus safe","isPartOf":{"@id":"https:\/\/lotussafe.com\/de\/#website"},"primaryImageOfPage":{"@id":"https:\/\/lotussafe.com\/de\/Produkt\/lotus-safe-travel-blend-grey\/#primaryimage"},"image":{"@id":"https:\/\/lotussafe.com\/de\/Produkt\/lotus-safe-travel-blend-grey\/#primaryimage"},"thumbnailUrl":"https:\/\/lotussafe.com\/wp-content\/uploads\/2022\/08\/lotus-safe-zlozljiva-potovalna-blazina-siva-08.jpg","datePublished":"2022-08-30T11:14:07+00:00","dateModified":"2023-01-24T14:45:50+00:00","breadcrumb":{"@id":"https:\/\/lotussafe.com\/de\/Produkt\/lotus-safe-travel-blend-grey\/#breadcrumb"},"inLanguage":"de","potentialAction":[{"@type":"ReadAction","target":["https:\/\/lotussafe.com\/de\/Produkt\/lotus-safe-travel-blend-grey\/"]}]},{"@type":"ImageObject","inLanguage":"de","@id":"https:\/\/lotussafe.com\/de\/Produkt\/lotus-safe-travel-blend-grey\/#primaryimage","url":"https:\/\/lotussafe.com\/wp-content\/uploads\/2022\/08\/lotus-safe-zlozljiva-potovalna-blazina-siva-08.jpg","contentUrl":"https:\/\/lotussafe.com\/wp-content\/uploads\/2022\/08\/lotus-safe-zlozljiva-potovalna-blazina-siva-08.jpg","width":444,"height":667},{"@type":"BreadcrumbList","@id":"https:\/\/lotussafe.com\/de\/Produkt\/lotus-safe-travel-blend-grey\/#breadcrumb","itemListElement":[{"@type":"ListItem","position":1,"name":"Domov","item":"https:\/\/lotussafe.com\/de\/startseite\/"},{"@type":"ListItem","position":2,"name":"Laden","item":"https:\/\/lotussafe.com\/de\/geschaeft\/"},{"@type":"ListItem","position":3,"name":"Lotus Safe Reisekissen &#8211; grau"}]},{"@type":"WebSite","@id":"https:\/\/lotussafe.com\/de\/#website","url":"https:\/\/lotussafe.com\/de\/","name":"Lotus safe","description":"Protect yourself against RF EM radiation","publisher":{"@id":"https:\/\/lotussafe.com\/de\/#organization"},"potentialAction":[{"@type":"SearchAction","target":{"@type":"EntryPoint","urlTemplate":"https:\/\/lotussafe.com\/de\/?s={search_term_string}"},"query-input":{"@type":"PropertyValueSpecification","valueRequired":true,"valueName":"search_term_string"}}],"inLanguage":"de"},{"@type":"Organization","@id":"https:\/\/lotussafe.com\/de\/#organization","name":"Lotus safe","url":"https:\/\/lotussafe.com\/de\/","logo":{"@type":"ImageObject","inLanguage":"de","@id":"https:\/\/lotussafe.com\/de\/#\/schema\/logo\/image\/","url":"https:\/\/lotussafe.com\/wp-content\/uploads\/2022\/07\/lotussafe-logo-01.png","contentUrl":"https:\/\/lotussafe.com\/wp-content\/uploads\/2022\/07\/lotussafe-logo-01.png","width":558,"height":159,"caption":"Lotus safe"},"image":{"@id":"https:\/\/lotussafe.com\/de\/#\/schema\/logo\/image\/"},"sameAs":["https:\/\/www.facebook.com\/lotussafe"]}]},"product_price_amount":"44.90","product_price_currency":"EUR","og_availability":"instock","product_availability":"instock","product_condition":"new"},"_links":{"self":[{"href":"https:\/\/lotussafe.com\/de\/wp-json\/wp\/v2\/product\/4181","targetHints":{"allow":["GET"]}}],"collection":[{"href":"https:\/\/lotussafe.com\/de\/wp-json\/wp\/v2\/product"}],"about":[{"href":"https:\/\/lotussafe.com\/de\/wp-json\/wp\/v2\/types\/product"}],"wp:featuredmedia":[{"embeddable":true,"href":"https:\/\/lotussafe.com\/de\/wp-json\/wp\/v2\/media\/3407"}],"wp:attachment":[{"href":"https:\/\/lotussafe.com\/de\/wp-json\/wp\/v2\/media?parent=4181"}],"wp:term":[{"taxonomy":"product_brand","embeddable":true,"href":"https:\/\/lotussafe.com\/de\/wp-json\/wp\/v2\/product_brand?post=4181"},{"taxonomy":"product_cat","embeddable":true,"href":"https:\/\/lotussafe.com\/de\/wp-json\/wp\/v2\/product_cat?post=4181"},{"taxonomy":"product_tag","embeddable":true,"href":"https:\/\/lotussafe.com\/de\/wp-json\/wp\/v2\/product_tag?post=4181"}],"curies":[{"name":"wp","href":"https:\/\/api.w.org\/{rel}","templated":true}]}}