{"id":4174,"date":"2022-08-26T14:02:09","date_gmt":"2022-08-26T12:02:09","guid":{"rendered":"https:\/\/lotussafe.com\/izdelek\/lotus-safe-kissen-beige\/"},"modified":"2024-12-09T00:52:49","modified_gmt":"2024-12-08T23:52:49","slug":"lotus-safe-blazina-frei","status":"publish","type":"product","link":"https:\/\/lotussafe.com\/de\/Produkt\/lotus-safe-blazina-frei\/","title":{"rendered":"Lotus Safe Kissen &#8211; beige"},"content":{"rendered":"<p>Die innere F\u00fcllung mit fortschrittlichem NI\/CU-Abschirmgewebe verhindert mehr als 90 % der RF-EM-Strahlung.<\/p>\n<p>Verwenden Sie das LOTUS SAFE Kissen neben Ihrem K\u00f6rper als Unterlage f\u00fcr Ihr Telefon, Tablet oder Laptop.<\/p>\n<p>Die nat\u00fcrliche F\u00fcllung des Kissens (Buchweizenschalen) erm\u00f6glicht es Ihnen, Ihr Ger\u00e4t in die gew\u00fcnschte Position zu bringen.<\/p>\n<p>Verwenden Sie das LOTUS SAFE Kissen neben Ihrem K\u00f6rper als Unterlage f\u00fcr Ihr Telefon, Tablet oder Laptop. Platzieren Sie Ihr Ger\u00e4t in der gew\u00fcnschten Position und verhindern Sie so weit wie m\u00f6glich, dass HF-EM-Strahlung in Ihren K\u00f6rper eindringt.<\/p>\n<p>FEATURES:<\/p>\n<ul>\n<li>Die innere F\u00fcllung ist mit einem NI\/CU-Abschirmungsmaterial versiegelt, das bis zu 99,98 % der hochfrequenten EM-Strahlung verhindert.<\/li>\n<li>Das Kissen verhindert nachweislich, dass mehr als 90 % der nach unten gerichteten Strahlung den K\u00f6rper erreicht.<\/li>\n<li>F\u00fcllung: 100% Bio-Buchweizenschalen aus Slowenien mit Lavendel<\/li>\n<li>Auf Wunsch k\u00f6nnen wir die 100% nat\u00fcrliche, antiallergische KAPOK-F\u00fcllung in das Kissen einlegen.<\/li>\n<li>Hochwirksames NI\/CU-Schutzmaterial<\/li>\n<li>Waschbarer, strapazierf\u00e4higer und wasserabweisender Au\u00dfenbezug aus Textil<\/li>\n<li>Abmessungen: 25x36x4 cm<\/li>\n<li>Gewicht: 570g<\/li>\n<li>Handgefertigt vor Ort in Slowenien \/ Europa<\/li>\n<\/ul>\n","protected":false},"excerpt":{"rendered":"<p>Das LOTUS SAFE Cushion ist das erste Kissen der Welt, das Schutz vor hochfrequenter elektromagnetischer Strahlung von elektronischen Ger\u00e4ten bietet.<\/p>\n","protected":false},"featured_media":3349,"template":"","meta":[],"product_brand":[],"product_cat":[93,96],"product_tag":[],"class_list":{"0":"post-4174","1":"product","2":"type-product","3":"status-publish","4":"has-post-thumbnail","6":"product_cat-alle-produkte-de","7":"product_cat-heim","9":"first","10":"instock","11":"shipping-taxable","12":"purchasable","13":"product-type-simple"},"bundled_by":[],"bundle_stock_status":"instock","bundle_stock_quantity":null,"bundle_virtual":false,"bundle_layout":"","bundle_add_to_cart_form_location":"","bundle_editable_in_cart":false,"bundle_sold_individually_context":"","bundle_item_grouping":"","bundle_min_size":"","bundle_max_size":"","bundled_items":[],"bundle_sell_ids":[],"yoast_head":"<!-- This site is optimized with the Yoast SEO plugin v24.4 - https:\/\/yoast.com\/wordpress\/plugins\/seo\/ -->\n<title>Lotus Safe Kissen - beige - Lotus safe<\/title>\n<meta name=\"robots\" content=\"index, follow, max-snippet:-1, max-image-preview:large, max-video-preview:-1\" \/>\n<link rel=\"canonical\" href=\"https:\/\/lotussafe.com\/de\/Produkt\/lotus-safe-blazina-frei\/\" \/>\n<meta property=\"og:locale\" content=\"de_DE\" \/>\n<meta property=\"og:type\" content=\"article\" \/>\n<meta property=\"og:title\" content=\"Lotus Safe Kissen - beige - Lotus safe\" \/>\n<meta property=\"og:description\" content=\"Das LOTUS SAFE Cushion ist das erste Kissen der Welt, das Schutz vor hochfrequenter elektromagnetischer Strahlung von elektronischen Ger\u00e4ten bietet.\" \/>\n<meta property=\"og:url\" content=\"https:\/\/lotussafe.com\/de\/Produkt\/lotus-safe-blazina-frei\/\" \/>\n<meta property=\"og:site_name\" content=\"Lotus safe\" \/>\n<meta property=\"article:publisher\" content=\"https:\/\/www.facebook.com\/lotussafe\" \/>\n<meta property=\"article:modified_time\" content=\"2024-12-08T23:52:49+00:00\" \/>\n<meta property=\"og:image\" content=\"https:\/\/lotussafe.com\/wp-content\/uploads\/2022\/08\/lotus-safe-blazina-bez-07.jpg\" \/>\n\t<meta property=\"og:image:width\" content=\"867\" \/>\n\t<meta property=\"og:image:height\" content=\"1299\" \/>\n\t<meta property=\"og:image:type\" content=\"image\/jpeg\" \/>\n<meta name=\"twitter:card\" content=\"summary_large_image\" \/>\n<script type=\"application\/ld+json\" class=\"yoast-schema-graph\">{\"@context\":\"https:\/\/schema.org\",\"@graph\":[{\"@type\":\"WebPage\",\"@id\":\"https:\/\/lotussafe.com\/de\/Produkt\/lotus-safe-blazina-frei\/\",\"url\":\"https:\/\/lotussafe.com\/de\/Produkt\/lotus-safe-blazina-frei\/\",\"name\":\"Lotus Safe Kissen - beige - Lotus safe\",\"isPartOf\":{\"@id\":\"https:\/\/lotussafe.com\/de\/#website\"},\"primaryImageOfPage\":{\"@id\":\"https:\/\/lotussafe.com\/de\/Produkt\/lotus-safe-blazina-frei\/#primaryimage\"},\"image\":{\"@id\":\"https:\/\/lotussafe.com\/de\/Produkt\/lotus-safe-blazina-frei\/#primaryimage\"},\"thumbnailUrl\":\"https:\/\/lotussafe.com\/wp-content\/uploads\/2022\/08\/lotus-safe-blazina-bez-07.jpg\",\"datePublished\":\"2022-08-26T12:02:09+00:00\",\"dateModified\":\"2024-12-08T23:52:49+00:00\",\"breadcrumb\":{\"@id\":\"https:\/\/lotussafe.com\/de\/Produkt\/lotus-safe-blazina-frei\/#breadcrumb\"},\"inLanguage\":\"de\",\"potentialAction\":[{\"@type\":\"ReadAction\",\"target\":[\"https:\/\/lotussafe.com\/de\/Produkt\/lotus-safe-blazina-frei\/\"]}]},{\"@type\":\"ImageObject\",\"inLanguage\":\"de\",\"@id\":\"https:\/\/lotussafe.com\/de\/Produkt\/lotus-safe-blazina-frei\/#primaryimage\",\"url\":\"https:\/\/lotussafe.com\/wp-content\/uploads\/2022\/08\/lotus-safe-blazina-bez-07.jpg\",\"contentUrl\":\"https:\/\/lotussafe.com\/wp-content\/uploads\/2022\/08\/lotus-safe-blazina-bez-07.jpg\",\"width\":867,\"height\":1299},{\"@type\":\"BreadcrumbList\",\"@id\":\"https:\/\/lotussafe.com\/de\/Produkt\/lotus-safe-blazina-frei\/#breadcrumb\",\"itemListElement\":[{\"@type\":\"ListItem\",\"position\":1,\"name\":\"Domov\",\"item\":\"https:\/\/lotussafe.com\/de\/startseite\/\"},{\"@type\":\"ListItem\",\"position\":2,\"name\":\"Laden\",\"item\":\"https:\/\/lotussafe.com\/de\/geschaeft\/\"},{\"@type\":\"ListItem\",\"position\":3,\"name\":\"Lotus Safe Kissen &#8211; beige\"}]},{\"@type\":\"WebSite\",\"@id\":\"https:\/\/lotussafe.com\/de\/#website\",\"url\":\"https:\/\/lotussafe.com\/de\/\",\"name\":\"Lotus safe\",\"description\":\"Protect yourself against RF EM radiation\",\"publisher\":{\"@id\":\"https:\/\/lotussafe.com\/de\/#organization\"},\"potentialAction\":[{\"@type\":\"SearchAction\",\"target\":{\"@type\":\"EntryPoint\",\"urlTemplate\":\"https:\/\/lotussafe.com\/de\/?s={search_term_string}\"},\"query-input\":{\"@type\":\"PropertyValueSpecification\",\"valueRequired\":true,\"valueName\":\"search_term_string\"}}],\"inLanguage\":\"de\"},{\"@type\":\"Organization\",\"@id\":\"https:\/\/lotussafe.com\/de\/#organization\",\"name\":\"Lotus safe\",\"url\":\"https:\/\/lotussafe.com\/de\/\",\"logo\":{\"@type\":\"ImageObject\",\"inLanguage\":\"de\",\"@id\":\"https:\/\/lotussafe.com\/de\/#\/schema\/logo\/image\/\",\"url\":\"https:\/\/lotussafe.com\/wp-content\/uploads\/2022\/07\/lotussafe-logo-01.png\",\"contentUrl\":\"https:\/\/lotussafe.com\/wp-content\/uploads\/2022\/07\/lotussafe-logo-01.png\",\"width\":558,\"height\":159,\"caption\":\"Lotus safe\"},\"image\":{\"@id\":\"https:\/\/lotussafe.com\/de\/#\/schema\/logo\/image\/\"},\"sameAs\":[\"https:\/\/www.facebook.com\/lotussafe\"]}]}<\/script>\n<meta property=\"product:price:amount\" content=\"39.90\" \/>\n<meta property=\"product:price:currency\" content=\"EUR\" \/>\n<meta property=\"og:availability\" content=\"instock\" \/>\n<meta property=\"product:availability\" content=\"instock\" \/>\n<meta property=\"product:condition\" content=\"new\" \/>\n<!-- \/ Yoast SEO plugin. -->","yoast_head_json":{"title":"Lotus Safe Kissen - beige - Lotus safe","robots":{"index":"index","follow":"follow","max-snippet":"max-snippet:-1","max-image-preview":"max-image-preview:large","max-video-preview":"max-video-preview:-1"},"canonical":"https:\/\/lotussafe.com\/de\/Produkt\/lotus-safe-blazina-frei\/","og_locale":"de_DE","og_type":"article","og_title":"Lotus Safe Kissen - beige - Lotus safe","og_description":"Das LOTUS SAFE Cushion ist das erste Kissen der Welt, das Schutz vor hochfrequenter elektromagnetischer Strahlung von elektronischen Ger\u00e4ten bietet.","og_url":"https:\/\/lotussafe.com\/de\/Produkt\/lotus-safe-blazina-frei\/","og_site_name":"Lotus safe","article_publisher":"https:\/\/www.facebook.com\/lotussafe","article_modified_time":"2024-12-08T23:52:49+00:00","og_image":[{"width":867,"height":1299,"url":"https:\/\/lotussafe.com\/wp-content\/uploads\/2022\/08\/lotus-safe-blazina-bez-07.jpg","type":"image\/jpeg"}],"twitter_card":"summary_large_image","schema":{"@context":"https:\/\/schema.org","@graph":[{"@type":"WebPage","@id":"https:\/\/lotussafe.com\/de\/Produkt\/lotus-safe-blazina-frei\/","url":"https:\/\/lotussafe.com\/de\/Produkt\/lotus-safe-blazina-frei\/","name":"Lotus Safe Kissen - beige - Lotus safe","isPartOf":{"@id":"https:\/\/lotussafe.com\/de\/#website"},"primaryImageOfPage":{"@id":"https:\/\/lotussafe.com\/de\/Produkt\/lotus-safe-blazina-frei\/#primaryimage"},"image":{"@id":"https:\/\/lotussafe.com\/de\/Produkt\/lotus-safe-blazina-frei\/#primaryimage"},"thumbnailUrl":"https:\/\/lotussafe.com\/wp-content\/uploads\/2022\/08\/lotus-safe-blazina-bez-07.jpg","datePublished":"2022-08-26T12:02:09+00:00","dateModified":"2024-12-08T23:52:49+00:00","breadcrumb":{"@id":"https:\/\/lotussafe.com\/de\/Produkt\/lotus-safe-blazina-frei\/#breadcrumb"},"inLanguage":"de","potentialAction":[{"@type":"ReadAction","target":["https:\/\/lotussafe.com\/de\/Produkt\/lotus-safe-blazina-frei\/"]}]},{"@type":"ImageObject","inLanguage":"de","@id":"https:\/\/lotussafe.com\/de\/Produkt\/lotus-safe-blazina-frei\/#primaryimage","url":"https:\/\/lotussafe.com\/wp-content\/uploads\/2022\/08\/lotus-safe-blazina-bez-07.jpg","contentUrl":"https:\/\/lotussafe.com\/wp-content\/uploads\/2022\/08\/lotus-safe-blazina-bez-07.jpg","width":867,"height":1299},{"@type":"BreadcrumbList","@id":"https:\/\/lotussafe.com\/de\/Produkt\/lotus-safe-blazina-frei\/#breadcrumb","itemListElement":[{"@type":"ListItem","position":1,"name":"Domov","item":"https:\/\/lotussafe.com\/de\/startseite\/"},{"@type":"ListItem","position":2,"name":"Laden","item":"https:\/\/lotussafe.com\/de\/geschaeft\/"},{"@type":"ListItem","position":3,"name":"Lotus Safe Kissen &#8211; beige"}]},{"@type":"WebSite","@id":"https:\/\/lotussafe.com\/de\/#website","url":"https:\/\/lotussafe.com\/de\/","name":"Lotus safe","description":"Protect yourself against RF EM radiation","publisher":{"@id":"https:\/\/lotussafe.com\/de\/#organization"},"potentialAction":[{"@type":"SearchAction","target":{"@type":"EntryPoint","urlTemplate":"https:\/\/lotussafe.com\/de\/?s={search_term_string}"},"query-input":{"@type":"PropertyValueSpecification","valueRequired":true,"valueName":"search_term_string"}}],"inLanguage":"de"},{"@type":"Organization","@id":"https:\/\/lotussafe.com\/de\/#organization","name":"Lotus safe","url":"https:\/\/lotussafe.com\/de\/","logo":{"@type":"ImageObject","inLanguage":"de","@id":"https:\/\/lotussafe.com\/de\/#\/schema\/logo\/image\/","url":"https:\/\/lotussafe.com\/wp-content\/uploads\/2022\/07\/lotussafe-logo-01.png","contentUrl":"https:\/\/lotussafe.com\/wp-content\/uploads\/2022\/07\/lotussafe-logo-01.png","width":558,"height":159,"caption":"Lotus safe"},"image":{"@id":"https:\/\/lotussafe.com\/de\/#\/schema\/logo\/image\/"},"sameAs":["https:\/\/www.facebook.com\/lotussafe"]}]},"product_price_amount":"39.90","product_price_currency":"EUR","og_availability":"instock","product_availability":"instock","product_condition":"new"},"_links":{"self":[{"href":"https:\/\/lotussafe.com\/de\/wp-json\/wp\/v2\/product\/4174","targetHints":{"allow":["GET"]}}],"collection":[{"href":"https:\/\/lotussafe.com\/de\/wp-json\/wp\/v2\/product"}],"about":[{"href":"https:\/\/lotussafe.com\/de\/wp-json\/wp\/v2\/types\/product"}],"wp:featuredmedia":[{"embeddable":true,"href":"https:\/\/lotussafe.com\/de\/wp-json\/wp\/v2\/media\/3349"}],"wp:attachment":[{"href":"https:\/\/lotussafe.com\/de\/wp-json\/wp\/v2\/media?parent=4174"}],"wp:term":[{"taxonomy":"product_brand","embeddable":true,"href":"https:\/\/lotussafe.com\/de\/wp-json\/wp\/v2\/product_brand?post=4174"},{"taxonomy":"product_cat","embeddable":true,"href":"https:\/\/lotussafe.com\/de\/wp-json\/wp\/v2\/product_cat?post=4174"},{"taxonomy":"product_tag","embeddable":true,"href":"https:\/\/lotussafe.com\/de\/wp-json\/wp\/v2\/product_tag?post=4174"}],"curies":[{"name":"wp","href":"https:\/\/api.w.org\/{rel}","templated":true}]}}