{"id":4173,"date":"2022-08-30T11:01:54","date_gmt":"2022-08-30T09:01:54","guid":{"rendered":"https:\/\/lotussafe.com\/izdelek\/lotus-safe-babydecke-rosa\/"},"modified":"2023-01-24T15:45:52","modified_gmt":"2023-01-24T14:45:52","slug":"lotus-safe-kind-rhosis","status":"publish","type":"product","link":"https:\/\/lotussafe.com\/de\/Produkt\/lotus-safe-kind-rhosis\/","title":{"rendered":"Lotus Safe Babydecke &#8211; rosa"},"content":{"rendered":"<p>Die Innenpolsterung ist mit Klettverschl\u00fcssen ausgestattet, mit denen das NI\/CU-Schutzmaterial leicht am \u00e4u\u00dferen, waschbaren Baumwollbezug befestigt werden kann. Die Decke verhindert mehr als 90 % der sch\u00e4dlichen Hochfrequenzstrahlung.<\/p>\n<p>FEATURES:<\/p>\n<ul>\n<li>Die Innenf\u00fcllung ist mit NI\/CU-Abschirmungsmaterial versteppt, um mehr als 90 % der RF-EM-Strahlung an den bedeckten K\u00f6rperteilen zu verhindern<\/li>\n<li>\u00c4u\u00dferer \u00dcberzug &#8211; 100% nat\u00fcrliche Baumwolle<\/li>\n<li>Der \u00e4u\u00dfere untere Teil des Bezuges kann nach Ihrem Wunsch gefertigt werden (100% Polyester &#8211; MINKY oder 100% Baumwolle)<\/li>\n<li>Die Dicke der F\u00fcllung wird an die Jahreszeit angepasst (Sommer: 100% Baumwolle, Winter: dickere Polyesterf\u00fcllung).<\/li>\n<li>Der \u00e4u\u00dfere Bezug ist gem\u00e4\u00df den Anweisungen auf Ihrem Produkt waschbar.<\/li>\n<li>Die Schutzpolsterung kann mit Klettverschl\u00fcssen leicht am Au\u00dfenteil befestigt oder entfernt werden<\/li>\n<li>Abmessungen: 100x70cm<\/li>\n<li>Handgefertigt vor Ort in Slowenien \/ Europa<\/li>\n<\/ul>\n<p>VERWENDEN:<\/p>\n<ul>\n<li>Wenn Sie schwanger sind oder stillen und w\u00e4hrend der Stillzeit mobile Ger\u00e4te benutzen<\/li>\n<li>Zum Schutz des Babys vor der Strahlung eines &#8222;Babyphones&#8220; (Babysitter) oder anderer mobiler\/drahtloser Ger\u00e4te, die sich im Zimmer des Babys befinden.<\/li>\n<li>Um Ihre Kleinen zu sch\u00fctzen, wenn sie bereits mobile Ger\u00e4te benutzen &#8230;<\/li>\n<\/ul>\n","protected":false},"excerpt":{"rendered":"<p>Die LOTUS SAFE Babydecke ist die erste Schutzdecke der Welt, die Ihre Kleinen vor hochfrequenter elektromagnetischer Strahlung von mobilen\/drahtlosen elektronischen Ger\u00e4ten sch\u00fctzt.<\/p>\n","protected":false},"featured_media":3375,"template":"","meta":[],"product_brand":[],"product_cat":[93,94],"product_tag":[],"class_list":{"0":"post-4173","1":"product","2":"type-product","3":"status-publish","4":"has-post-thumbnail","6":"product_cat-alle-produkte-de","7":"product_cat-kinder","9":"first","10":"instock","11":"shipping-taxable","12":"purchasable","13":"product-type-simple"},"bundled_by":[],"bundle_stock_status":"instock","bundle_stock_quantity":null,"bundle_virtual":false,"bundle_layout":"","bundle_add_to_cart_form_location":"","bundle_editable_in_cart":false,"bundle_sold_individually_context":"","bundle_item_grouping":"","bundle_min_size":"","bundle_max_size":"","bundled_items":[],"bundle_sell_ids":[],"yoast_head":"<!-- This site is optimized with the Yoast SEO plugin v24.4 - https:\/\/yoast.com\/wordpress\/plugins\/seo\/ -->\n<title>Lotus Safe Babydecke - rosa - Lotus safe<\/title>\n<meta name=\"robots\" content=\"index, follow, max-snippet:-1, max-image-preview:large, max-video-preview:-1\" \/>\n<link rel=\"canonical\" href=\"https:\/\/lotussafe.com\/de\/Produkt\/lotus-safe-kind-rhosis\/\" \/>\n<meta property=\"og:locale\" content=\"de_DE\" \/>\n<meta property=\"og:type\" content=\"article\" \/>\n<meta property=\"og:title\" content=\"Lotus Safe Babydecke - rosa - Lotus safe\" \/>\n<meta property=\"og:description\" content=\"Die LOTUS SAFE Babydecke ist die erste Schutzdecke der Welt, die Ihre Kleinen vor hochfrequenter elektromagnetischer Strahlung von mobilen\/drahtlosen elektronischen Ger\u00e4ten sch\u00fctzt.\" \/>\n<meta property=\"og:url\" content=\"https:\/\/lotussafe.com\/de\/Produkt\/lotus-safe-kind-rhosis\/\" \/>\n<meta property=\"og:site_name\" content=\"Lotus safe\" \/>\n<meta property=\"article:publisher\" content=\"https:\/\/www.facebook.com\/lotussafe\" \/>\n<meta property=\"article:modified_time\" content=\"2023-01-24T14:45:52+00:00\" \/>\n<meta property=\"og:image\" content=\"https:\/\/lotussafe.com\/wp-content\/uploads\/2022\/08\/lotus-safe-otroska-odeja-roza-03.jpg\" \/>\n\t<meta property=\"og:image:width\" content=\"1280\" \/>\n\t<meta property=\"og:image:height\" content=\"1920\" \/>\n\t<meta property=\"og:image:type\" content=\"image\/jpeg\" \/>\n<meta name=\"twitter:card\" content=\"summary_large_image\" \/>\n<script type=\"application\/ld+json\" class=\"yoast-schema-graph\">{\"@context\":\"https:\/\/schema.org\",\"@graph\":[{\"@type\":\"WebPage\",\"@id\":\"https:\/\/lotussafe.com\/de\/Produkt\/lotus-safe-kind-rhosis\/\",\"url\":\"https:\/\/lotussafe.com\/de\/Produkt\/lotus-safe-kind-rhosis\/\",\"name\":\"Lotus Safe Babydecke - rosa - Lotus safe\",\"isPartOf\":{\"@id\":\"https:\/\/lotussafe.com\/de\/#website\"},\"primaryImageOfPage\":{\"@id\":\"https:\/\/lotussafe.com\/de\/Produkt\/lotus-safe-kind-rhosis\/#primaryimage\"},\"image\":{\"@id\":\"https:\/\/lotussafe.com\/de\/Produkt\/lotus-safe-kind-rhosis\/#primaryimage\"},\"thumbnailUrl\":\"https:\/\/lotussafe.com\/wp-content\/uploads\/2022\/08\/lotus-safe-otroska-odeja-roza-03.jpg\",\"datePublished\":\"2022-08-30T09:01:54+00:00\",\"dateModified\":\"2023-01-24T14:45:52+00:00\",\"breadcrumb\":{\"@id\":\"https:\/\/lotussafe.com\/de\/Produkt\/lotus-safe-kind-rhosis\/#breadcrumb\"},\"inLanguage\":\"de\",\"potentialAction\":[{\"@type\":\"ReadAction\",\"target\":[\"https:\/\/lotussafe.com\/de\/Produkt\/lotus-safe-kind-rhosis\/\"]}]},{\"@type\":\"ImageObject\",\"inLanguage\":\"de\",\"@id\":\"https:\/\/lotussafe.com\/de\/Produkt\/lotus-safe-kind-rhosis\/#primaryimage\",\"url\":\"https:\/\/lotussafe.com\/wp-content\/uploads\/2022\/08\/lotus-safe-otroska-odeja-roza-03.jpg\",\"contentUrl\":\"https:\/\/lotussafe.com\/wp-content\/uploads\/2022\/08\/lotus-safe-otroska-odeja-roza-03.jpg\",\"width\":1280,\"height\":1920},{\"@type\":\"BreadcrumbList\",\"@id\":\"https:\/\/lotussafe.com\/de\/Produkt\/lotus-safe-kind-rhosis\/#breadcrumb\",\"itemListElement\":[{\"@type\":\"ListItem\",\"position\":1,\"name\":\"Domov\",\"item\":\"https:\/\/lotussafe.com\/de\/startseite\/\"},{\"@type\":\"ListItem\",\"position\":2,\"name\":\"Laden\",\"item\":\"https:\/\/lotussafe.com\/de\/geschaeft\/\"},{\"@type\":\"ListItem\",\"position\":3,\"name\":\"Lotus Safe Babydecke &#8211; rosa\"}]},{\"@type\":\"WebSite\",\"@id\":\"https:\/\/lotussafe.com\/de\/#website\",\"url\":\"https:\/\/lotussafe.com\/de\/\",\"name\":\"Lotus safe\",\"description\":\"Protect yourself against RF EM radiation\",\"publisher\":{\"@id\":\"https:\/\/lotussafe.com\/de\/#organization\"},\"potentialAction\":[{\"@type\":\"SearchAction\",\"target\":{\"@type\":\"EntryPoint\",\"urlTemplate\":\"https:\/\/lotussafe.com\/de\/?s={search_term_string}\"},\"query-input\":{\"@type\":\"PropertyValueSpecification\",\"valueRequired\":true,\"valueName\":\"search_term_string\"}}],\"inLanguage\":\"de\"},{\"@type\":\"Organization\",\"@id\":\"https:\/\/lotussafe.com\/de\/#organization\",\"name\":\"Lotus safe\",\"url\":\"https:\/\/lotussafe.com\/de\/\",\"logo\":{\"@type\":\"ImageObject\",\"inLanguage\":\"de\",\"@id\":\"https:\/\/lotussafe.com\/de\/#\/schema\/logo\/image\/\",\"url\":\"https:\/\/lotussafe.com\/wp-content\/uploads\/2022\/07\/lotussafe-logo-01.png\",\"contentUrl\":\"https:\/\/lotussafe.com\/wp-content\/uploads\/2022\/07\/lotussafe-logo-01.png\",\"width\":558,\"height\":159,\"caption\":\"Lotus safe\"},\"image\":{\"@id\":\"https:\/\/lotussafe.com\/de\/#\/schema\/logo\/image\/\"},\"sameAs\":[\"https:\/\/www.facebook.com\/lotussafe\"]}]}<\/script>\n<meta property=\"product:price:amount\" content=\"74.00\" \/>\n<meta property=\"product:price:currency\" content=\"EUR\" \/>\n<meta property=\"og:availability\" content=\"instock\" \/>\n<meta property=\"product:availability\" content=\"instock\" \/>\n<meta property=\"product:condition\" content=\"new\" \/>\n<!-- \/ Yoast SEO plugin. -->","yoast_head_json":{"title":"Lotus Safe Babydecke - rosa - Lotus safe","robots":{"index":"index","follow":"follow","max-snippet":"max-snippet:-1","max-image-preview":"max-image-preview:large","max-video-preview":"max-video-preview:-1"},"canonical":"https:\/\/lotussafe.com\/de\/Produkt\/lotus-safe-kind-rhosis\/","og_locale":"de_DE","og_type":"article","og_title":"Lotus Safe Babydecke - rosa - Lotus safe","og_description":"Die LOTUS SAFE Babydecke ist die erste Schutzdecke der Welt, die Ihre Kleinen vor hochfrequenter elektromagnetischer Strahlung von mobilen\/drahtlosen elektronischen Ger\u00e4ten sch\u00fctzt.","og_url":"https:\/\/lotussafe.com\/de\/Produkt\/lotus-safe-kind-rhosis\/","og_site_name":"Lotus safe","article_publisher":"https:\/\/www.facebook.com\/lotussafe","article_modified_time":"2023-01-24T14:45:52+00:00","og_image":[{"width":1280,"height":1920,"url":"https:\/\/lotussafe.com\/wp-content\/uploads\/2022\/08\/lotus-safe-otroska-odeja-roza-03.jpg","type":"image\/jpeg"}],"twitter_card":"summary_large_image","schema":{"@context":"https:\/\/schema.org","@graph":[{"@type":"WebPage","@id":"https:\/\/lotussafe.com\/de\/Produkt\/lotus-safe-kind-rhosis\/","url":"https:\/\/lotussafe.com\/de\/Produkt\/lotus-safe-kind-rhosis\/","name":"Lotus Safe Babydecke - rosa - Lotus safe","isPartOf":{"@id":"https:\/\/lotussafe.com\/de\/#website"},"primaryImageOfPage":{"@id":"https:\/\/lotussafe.com\/de\/Produkt\/lotus-safe-kind-rhosis\/#primaryimage"},"image":{"@id":"https:\/\/lotussafe.com\/de\/Produkt\/lotus-safe-kind-rhosis\/#primaryimage"},"thumbnailUrl":"https:\/\/lotussafe.com\/wp-content\/uploads\/2022\/08\/lotus-safe-otroska-odeja-roza-03.jpg","datePublished":"2022-08-30T09:01:54+00:00","dateModified":"2023-01-24T14:45:52+00:00","breadcrumb":{"@id":"https:\/\/lotussafe.com\/de\/Produkt\/lotus-safe-kind-rhosis\/#breadcrumb"},"inLanguage":"de","potentialAction":[{"@type":"ReadAction","target":["https:\/\/lotussafe.com\/de\/Produkt\/lotus-safe-kind-rhosis\/"]}]},{"@type":"ImageObject","inLanguage":"de","@id":"https:\/\/lotussafe.com\/de\/Produkt\/lotus-safe-kind-rhosis\/#primaryimage","url":"https:\/\/lotussafe.com\/wp-content\/uploads\/2022\/08\/lotus-safe-otroska-odeja-roza-03.jpg","contentUrl":"https:\/\/lotussafe.com\/wp-content\/uploads\/2022\/08\/lotus-safe-otroska-odeja-roza-03.jpg","width":1280,"height":1920},{"@type":"BreadcrumbList","@id":"https:\/\/lotussafe.com\/de\/Produkt\/lotus-safe-kind-rhosis\/#breadcrumb","itemListElement":[{"@type":"ListItem","position":1,"name":"Domov","item":"https:\/\/lotussafe.com\/de\/startseite\/"},{"@type":"ListItem","position":2,"name":"Laden","item":"https:\/\/lotussafe.com\/de\/geschaeft\/"},{"@type":"ListItem","position":3,"name":"Lotus Safe Babydecke &#8211; rosa"}]},{"@type":"WebSite","@id":"https:\/\/lotussafe.com\/de\/#website","url":"https:\/\/lotussafe.com\/de\/","name":"Lotus safe","description":"Protect yourself against RF EM radiation","publisher":{"@id":"https:\/\/lotussafe.com\/de\/#organization"},"potentialAction":[{"@type":"SearchAction","target":{"@type":"EntryPoint","urlTemplate":"https:\/\/lotussafe.com\/de\/?s={search_term_string}"},"query-input":{"@type":"PropertyValueSpecification","valueRequired":true,"valueName":"search_term_string"}}],"inLanguage":"de"},{"@type":"Organization","@id":"https:\/\/lotussafe.com\/de\/#organization","name":"Lotus safe","url":"https:\/\/lotussafe.com\/de\/","logo":{"@type":"ImageObject","inLanguage":"de","@id":"https:\/\/lotussafe.com\/de\/#\/schema\/logo\/image\/","url":"https:\/\/lotussafe.com\/wp-content\/uploads\/2022\/07\/lotussafe-logo-01.png","contentUrl":"https:\/\/lotussafe.com\/wp-content\/uploads\/2022\/07\/lotussafe-logo-01.png","width":558,"height":159,"caption":"Lotus safe"},"image":{"@id":"https:\/\/lotussafe.com\/de\/#\/schema\/logo\/image\/"},"sameAs":["https:\/\/www.facebook.com\/lotussafe"]}]},"product_price_amount":"74.00","product_price_currency":"EUR","og_availability":"instock","product_availability":"instock","product_condition":"new"},"_links":{"self":[{"href":"https:\/\/lotussafe.com\/de\/wp-json\/wp\/v2\/product\/4173","targetHints":{"allow":["GET"]}}],"collection":[{"href":"https:\/\/lotussafe.com\/de\/wp-json\/wp\/v2\/product"}],"about":[{"href":"https:\/\/lotussafe.com\/de\/wp-json\/wp\/v2\/types\/product"}],"wp:featuredmedia":[{"embeddable":true,"href":"https:\/\/lotussafe.com\/de\/wp-json\/wp\/v2\/media\/3375"}],"wp:attachment":[{"href":"https:\/\/lotussafe.com\/de\/wp-json\/wp\/v2\/media?parent=4173"}],"wp:term":[{"taxonomy":"product_brand","embeddable":true,"href":"https:\/\/lotussafe.com\/de\/wp-json\/wp\/v2\/product_brand?post=4173"},{"taxonomy":"product_cat","embeddable":true,"href":"https:\/\/lotussafe.com\/de\/wp-json\/wp\/v2\/product_cat?post=4173"},{"taxonomy":"product_tag","embeddable":true,"href":"https:\/\/lotussafe.com\/de\/wp-json\/wp\/v2\/product_tag?post=4173"}],"curies":[{"name":"wp","href":"https:\/\/api.w.org\/{rel}","templated":true}]}}