{"id":4169,"date":"2022-07-02T13:41:46","date_gmt":"2022-07-02T11:41:46","guid":{"rendered":"https:\/\/lotussafe.com\/izdelek\/lotus-safe-trio-paket\/"},"modified":"2023-01-24T15:47:08","modified_gmt":"2023-01-24T14:47:08","slug":"lotus-safe-trio-package","status":"publish","type":"product","link":"https:\/\/lotussafe.com\/de\/Produkt\/lotus-safe-trio-package\/","title":{"rendered":"Lotus Safe trio Paket"},"content":{"rendered":"<p>Verwenden Sie die <strong>LOTUS SAFE BLAZINE<\/strong> als Unterlage f\u00fcr Ihr Telefon, Tablet oder Laptop. Dadurch wird das Eindringen von EM RF-Strahlung in Ihren K\u00f6rper so weit wie m\u00f6glich verhindert.<\/p>\n<p><strong>DIE EIGENSCHAFTEN EINES SCHUTZKISSENS:<\/strong><\/p>\n<ul>\n<li>Innere F\u00fcllung mit NI\/CU-Abschirmungsmaterial versiegelt, um RF EM-Strahlung zu verhindern<\/li>\n<\/ul>\n<ul>\n<li>Verhindert mehr als 90 % der abw\u00e4rts gerichteten Strahlung<\/li>\n<li>100% nat\u00fcrliche F\u00fcllung (Buchweizenschalen)<\/li>\n<li>Waschbarer \u00e4u\u00dferer Textilbezug<\/li>\n<li>Abmessungen: 25x36x4 cm, 570 g<\/li>\n<li>Vor Ort in Slowenien hergestellt<\/li>\n<\/ul>\n<hr \/>\n<p>Legen Sie Ihr Mobiltelefon nachts oder tags\u00fcber in die <strong>LOTUS SAFE H\u00fclle <\/strong>und verhindern Sie so bis zu 98% der EM RF-Strahlung, die von Ihrem Mobiltelefon st\u00e4ndig abgegeben wird. Sie sind weiterhin erreichbar und Ihr Telefon kann Daten empfangen und senden.<\/p>\n<p><strong>EIGENSCHAFTEN DER SCHUTZTASCHE:<\/strong><\/p>\n<ul>\n<li>Bis zu 98% Reduzierung der RF EM-Strahlung von Mobiltelefonen auf Ihren K\u00f6rper<\/li>\n<li>NI\/CU sch\u00fctzendes Innenmaterial und strapazierf\u00e4higes Kunstleder au\u00dfen<\/li>\n<li>Lanyard mit Metall-Klemmmechanismus zum Einstellen der Gr\u00f6\u00dfe der \u00d6ffnung<\/li>\n<li>Geeignet f\u00fcr alle Mobiltelefongr\u00f6\u00dfen<\/li>\n<\/ul>\n<hr \/>\n<p>Die <strong>PROTECTIVE PHONE COVER<\/strong> bietet Strahlenschutz f\u00fcr Ihr mobiles Ger\u00e4t. Die Au\u00dfenseite besteht aus einem strapazierf\u00e4higen, wasserabweisenden Stoff (100% Polyester). Das Innere ist vollst\u00e4ndig ummantelt und mit NI\/CU-Abschirmgewebe vern\u00e4ht, das 99,98 % der HF-EM-Strahlung davon abh\u00e4lt, den K\u00f6rper in alle Richtungen zu erreichen. Die Gr\u00f6\u00dfe der H\u00fclle betr\u00e4gt 18 cm &#8211; H\u00d6HE, 9 cm &#8211; BREITE und ist f\u00fcr die meisten auf dem Markt befindlichen Mobiltelefone geeignet.<\/p>\n<p class=\"p1\"><span class=\"s2\">Die Handyh\u00fclle dient dazu, Ihr Mobiltelefon vor Strahlung zu sch\u00fctzen und es aufzubewahren, wenn Sie es nicht aktiv benutzen.<\/span><\/p>\n<p class=\"p1\"><strong><span class=\"s1\">Merkmale:<\/span><\/strong><\/p>\n<ul>\n<li class=\"p4\">\n<div dir=\"auto\">Wir empfehlen eine Abdeckung, wenn Sie die Strahlung auf Ihren K\u00f6rper reduzieren m\u00f6chten.<\/div>\n<\/li>\n<li class=\"p4\">\n<div dir=\"auto\">Wenn Sie Ihr Telefon in der Hosentasche, der Jackentasche, der Handtasche oder im Rucksack tragen &#8230;<\/div>\n<\/li>\n<li class=\"p4\">\n<div dir=\"auto\">Wenn Sie mit Ihrem Mobiltelefon in der N\u00e4he schlafen.<\/div>\n<\/li>\n<li class=\"p4\">\n<div dir=\"auto\">Wir empfehlen es besonders Schwangeren und jungen M\u00fcttern, die mit ihren Kindern spazieren gehen, da sich Ihr mobiles Ger\u00e4t in dieser Zeit am ehesten in der N\u00e4he Ihrer Kleinen befindet.<\/div>\n<\/li>\n<\/ul>\n","protected":false},"excerpt":{"rendered":"<p>Enth\u00e4lt: <strong>1x LOTUS SAFE Schutzkissen<\/strong>, <strong>1x LOTUS SAFE Schutztasche<\/strong> und <strong>1x LOTUS SAFE Telefonschutzh\u00fclle<\/strong> in einer Farbkombination Ihrer Wahl.<\/p>\n","protected":false},"featured_media":5012,"template":"","meta":[],"product_brand":[],"product_cat":[93,109,97],"product_tag":[],"class_list":{"0":"post-4169","1":"product","2":"type-product","3":"status-publish","4":"has-post-thumbnail","6":"product_cat-alle-produkte-de","7":"product_cat-hauptseite","8":"product_cat-pakete","10":"first","11":"instock","12":"sale","13":"shipping-taxable","14":"purchasable","15":"product-type-bundle"},"bundled_by":[],"bundle_stock_status":"instock","bundle_stock_quantity":"","bundle_virtual":false,"bundle_layout":"default","bundle_add_to_cart_form_location":"default","bundle_editable_in_cart":false,"bundle_sold_individually_context":"product","bundle_item_grouping":"parent","bundle_min_size":"","bundle_max_size":"","bundled_items":[{"bundled_item_id":87,"product_id":4205,"menu_order":0,"quantity_min":1,"quantity_max":1,"quantity_default":1,"priced_individually":false,"shipped_individually":false,"override_title":false,"title":"Lotus Safe Kissen","override_description":true,"description":"","optional":false,"hide_thumbnail":false,"discount":"","override_variations":true,"allowed_variations":[4208,4209,4211],"override_default_variation_attributes":false,"default_variation_attributes":[],"single_product_visibility":"visible","cart_visibility":"visible","order_visibility":"visible","single_product_price_visibility":"visible","cart_price_visibility":"visible","order_price_visibility":"visible","stock_status":"in_stock"},{"bundled_item_id":88,"product_id":4224,"menu_order":1,"quantity_min":1,"quantity_max":1,"quantity_default":1,"priced_individually":false,"shipped_individually":false,"override_title":false,"title":"Lotus-Safe-Beutel","override_description":true,"description":"","optional":false,"hide_thumbnail":false,"discount":"","override_variations":true,"allowed_variations":[4227,4229,4230],"override_default_variation_attributes":false,"default_variation_attributes":[],"single_product_visibility":"visible","cart_visibility":"visible","order_visibility":"visible","single_product_price_visibility":"visible","cart_price_visibility":"visible","order_price_visibility":"visible","stock_status":"in_stock"},{"bundled_item_id":105,"product_id":4191,"menu_order":3,"quantity_min":1,"quantity_max":1,"quantity_default":1,"priced_individually":false,"shipped_individually":false,"override_title":false,"title":"Lotus Safe Handyh\u00fclle","override_description":true,"description":"","optional":false,"hide_thumbnail":false,"discount":"","override_variations":true,"allowed_variations":[4194,4195],"override_default_variation_attributes":false,"default_variation_attributes":[],"single_product_visibility":"visible","cart_visibility":"visible","order_visibility":"visible","single_product_price_visibility":"visible","cart_price_visibility":"visible","order_price_visibility":"visible","stock_status":"in_stock"}],"bundle_sell_ids":[],"yoast_head":"<!-- This site is optimized with the Yoast SEO plugin v24.4 - https:\/\/yoast.com\/wordpress\/plugins\/seo\/ -->\n<title>Lotus Safe trio Paket - Lotus safe<\/title>\n<meta name=\"robots\" content=\"index, follow, max-snippet:-1, max-image-preview:large, max-video-preview:-1\" \/>\n<link rel=\"canonical\" href=\"https:\/\/lotussafe.com\/de\/Produkt\/lotus-safe-trio-package\/\" \/>\n<meta property=\"og:locale\" content=\"de_DE\" \/>\n<meta property=\"og:type\" content=\"article\" \/>\n<meta property=\"og:title\" content=\"Lotus Safe trio Paket - Lotus safe\" \/>\n<meta property=\"og:description\" content=\"Enth\u00e4lt: 1x LOTUS SAFE Schutzkissen, 1x LOTUS SAFE Schutztasche und 1x LOTUS SAFE Telefonschutzh\u00fclle in einer Farbkombination Ihrer Wahl.\" \/>\n<meta property=\"og:url\" content=\"https:\/\/lotussafe.com\/de\/Produkt\/lotus-safe-trio-package\/\" \/>\n<meta property=\"og:site_name\" content=\"Lotus safe\" \/>\n<meta property=\"article:publisher\" content=\"https:\/\/www.facebook.com\/lotussafe\" \/>\n<meta property=\"article:modified_time\" content=\"2023-01-24T14:47:08+00:00\" \/>\n<meta property=\"og:image\" content=\"https:\/\/lotussafe.com\/wp-content\/uploads\/2022\/07\/trio-paket-1X-blazina-1X-torbica-1X-etui-za-telefon-v2.jpg\" \/>\n\t<meta property=\"og:image:width\" content=\"1660\" \/>\n\t<meta property=\"og:image:height\" content=\"1660\" \/>\n\t<meta property=\"og:image:type\" content=\"image\/jpeg\" \/>\n<meta name=\"twitter:card\" content=\"summary_large_image\" \/>\n<script type=\"application\/ld+json\" class=\"yoast-schema-graph\">{\"@context\":\"https:\/\/schema.org\",\"@graph\":[{\"@type\":\"WebPage\",\"@id\":\"https:\/\/lotussafe.com\/de\/Produkt\/lotus-safe-trio-package\/\",\"url\":\"https:\/\/lotussafe.com\/de\/Produkt\/lotus-safe-trio-package\/\",\"name\":\"Lotus Safe trio Paket - Lotus safe\",\"isPartOf\":{\"@id\":\"https:\/\/lotussafe.com\/de\/#website\"},\"primaryImageOfPage\":{\"@id\":\"https:\/\/lotussafe.com\/de\/Produkt\/lotus-safe-trio-package\/#primaryimage\"},\"image\":{\"@id\":\"https:\/\/lotussafe.com\/de\/Produkt\/lotus-safe-trio-package\/#primaryimage\"},\"thumbnailUrl\":\"https:\/\/lotussafe.com\/wp-content\/uploads\/2022\/07\/trio-paket-1X-blazina-1X-torbica-1X-etui-za-telefon-v2.jpg\",\"datePublished\":\"2022-07-02T11:41:46+00:00\",\"dateModified\":\"2023-01-24T14:47:08+00:00\",\"breadcrumb\":{\"@id\":\"https:\/\/lotussafe.com\/de\/Produkt\/lotus-safe-trio-package\/#breadcrumb\"},\"inLanguage\":\"de\",\"potentialAction\":[{\"@type\":\"ReadAction\",\"target\":[\"https:\/\/lotussafe.com\/de\/Produkt\/lotus-safe-trio-package\/\"]}]},{\"@type\":\"ImageObject\",\"inLanguage\":\"de\",\"@id\":\"https:\/\/lotussafe.com\/de\/Produkt\/lotus-safe-trio-package\/#primaryimage\",\"url\":\"https:\/\/lotussafe.com\/wp-content\/uploads\/2022\/07\/trio-paket-1X-blazina-1X-torbica-1X-etui-za-telefon-v2.jpg\",\"contentUrl\":\"https:\/\/lotussafe.com\/wp-content\/uploads\/2022\/07\/trio-paket-1X-blazina-1X-torbica-1X-etui-za-telefon-v2.jpg\",\"width\":1660,\"height\":1660,\"caption\":\"trio-package-1X-blazine-1X-torch-1X-phone-case-v2\"},{\"@type\":\"BreadcrumbList\",\"@id\":\"https:\/\/lotussafe.com\/de\/Produkt\/lotus-safe-trio-package\/#breadcrumb\",\"itemListElement\":[{\"@type\":\"ListItem\",\"position\":1,\"name\":\"Domov\",\"item\":\"https:\/\/lotussafe.com\/de\/startseite\/\"},{\"@type\":\"ListItem\",\"position\":2,\"name\":\"Laden\",\"item\":\"https:\/\/lotussafe.com\/de\/geschaeft\/\"},{\"@type\":\"ListItem\",\"position\":3,\"name\":\"Lotus Safe trio Paket\"}]},{\"@type\":\"WebSite\",\"@id\":\"https:\/\/lotussafe.com\/de\/#website\",\"url\":\"https:\/\/lotussafe.com\/de\/\",\"name\":\"Lotus safe\",\"description\":\"Protect yourself against RF EM radiation\",\"publisher\":{\"@id\":\"https:\/\/lotussafe.com\/de\/#organization\"},\"potentialAction\":[{\"@type\":\"SearchAction\",\"target\":{\"@type\":\"EntryPoint\",\"urlTemplate\":\"https:\/\/lotussafe.com\/de\/?s={search_term_string}\"},\"query-input\":{\"@type\":\"PropertyValueSpecification\",\"valueRequired\":true,\"valueName\":\"search_term_string\"}}],\"inLanguage\":\"de\"},{\"@type\":\"Organization\",\"@id\":\"https:\/\/lotussafe.com\/de\/#organization\",\"name\":\"Lotus safe\",\"url\":\"https:\/\/lotussafe.com\/de\/\",\"logo\":{\"@type\":\"ImageObject\",\"inLanguage\":\"de\",\"@id\":\"https:\/\/lotussafe.com\/de\/#\/schema\/logo\/image\/\",\"url\":\"https:\/\/lotussafe.com\/wp-content\/uploads\/2022\/07\/lotussafe-logo-01.png\",\"contentUrl\":\"https:\/\/lotussafe.com\/wp-content\/uploads\/2022\/07\/lotussafe-logo-01.png\",\"width\":558,\"height\":159,\"caption\":\"Lotus safe\"},\"image\":{\"@id\":\"https:\/\/lotussafe.com\/de\/#\/schema\/logo\/image\/\"},\"sameAs\":[\"https:\/\/www.facebook.com\/lotussafe\"]}]}<\/script>\n<meta property=\"product:price:amount\" content=\"89.00\" \/>\n<meta property=\"product:price:currency\" content=\"EUR\" \/>\n<meta property=\"og:availability\" content=\"instock\" \/>\n<meta property=\"product:availability\" content=\"instock\" \/>\n<meta property=\"product:condition\" content=\"new\" \/>\n<!-- \/ Yoast SEO plugin. -->","yoast_head_json":{"title":"Lotus Safe trio Paket - Lotus safe","robots":{"index":"index","follow":"follow","max-snippet":"max-snippet:-1","max-image-preview":"max-image-preview:large","max-video-preview":"max-video-preview:-1"},"canonical":"https:\/\/lotussafe.com\/de\/Produkt\/lotus-safe-trio-package\/","og_locale":"de_DE","og_type":"article","og_title":"Lotus Safe trio Paket - Lotus safe","og_description":"Enth\u00e4lt: 1x LOTUS SAFE Schutzkissen, 1x LOTUS SAFE Schutztasche und 1x LOTUS SAFE Telefonschutzh\u00fclle in einer Farbkombination Ihrer Wahl.","og_url":"https:\/\/lotussafe.com\/de\/Produkt\/lotus-safe-trio-package\/","og_site_name":"Lotus safe","article_publisher":"https:\/\/www.facebook.com\/lotussafe","article_modified_time":"2023-01-24T14:47:08+00:00","og_image":[{"width":1660,"height":1660,"url":"https:\/\/lotussafe.com\/wp-content\/uploads\/2022\/07\/trio-paket-1X-blazina-1X-torbica-1X-etui-za-telefon-v2.jpg","type":"image\/jpeg"}],"twitter_card":"summary_large_image","schema":{"@context":"https:\/\/schema.org","@graph":[{"@type":"WebPage","@id":"https:\/\/lotussafe.com\/de\/Produkt\/lotus-safe-trio-package\/","url":"https:\/\/lotussafe.com\/de\/Produkt\/lotus-safe-trio-package\/","name":"Lotus Safe trio Paket - Lotus safe","isPartOf":{"@id":"https:\/\/lotussafe.com\/de\/#website"},"primaryImageOfPage":{"@id":"https:\/\/lotussafe.com\/de\/Produkt\/lotus-safe-trio-package\/#primaryimage"},"image":{"@id":"https:\/\/lotussafe.com\/de\/Produkt\/lotus-safe-trio-package\/#primaryimage"},"thumbnailUrl":"https:\/\/lotussafe.com\/wp-content\/uploads\/2022\/07\/trio-paket-1X-blazina-1X-torbica-1X-etui-za-telefon-v2.jpg","datePublished":"2022-07-02T11:41:46+00:00","dateModified":"2023-01-24T14:47:08+00:00","breadcrumb":{"@id":"https:\/\/lotussafe.com\/de\/Produkt\/lotus-safe-trio-package\/#breadcrumb"},"inLanguage":"de","potentialAction":[{"@type":"ReadAction","target":["https:\/\/lotussafe.com\/de\/Produkt\/lotus-safe-trio-package\/"]}]},{"@type":"ImageObject","inLanguage":"de","@id":"https:\/\/lotussafe.com\/de\/Produkt\/lotus-safe-trio-package\/#primaryimage","url":"https:\/\/lotussafe.com\/wp-content\/uploads\/2022\/07\/trio-paket-1X-blazina-1X-torbica-1X-etui-za-telefon-v2.jpg","contentUrl":"https:\/\/lotussafe.com\/wp-content\/uploads\/2022\/07\/trio-paket-1X-blazina-1X-torbica-1X-etui-za-telefon-v2.jpg","width":1660,"height":1660,"caption":"trio-package-1X-blazine-1X-torch-1X-phone-case-v2"},{"@type":"BreadcrumbList","@id":"https:\/\/lotussafe.com\/de\/Produkt\/lotus-safe-trio-package\/#breadcrumb","itemListElement":[{"@type":"ListItem","position":1,"name":"Domov","item":"https:\/\/lotussafe.com\/de\/startseite\/"},{"@type":"ListItem","position":2,"name":"Laden","item":"https:\/\/lotussafe.com\/de\/geschaeft\/"},{"@type":"ListItem","position":3,"name":"Lotus Safe trio Paket"}]},{"@type":"WebSite","@id":"https:\/\/lotussafe.com\/de\/#website","url":"https:\/\/lotussafe.com\/de\/","name":"Lotus safe","description":"Protect yourself against RF EM radiation","publisher":{"@id":"https:\/\/lotussafe.com\/de\/#organization"},"potentialAction":[{"@type":"SearchAction","target":{"@type":"EntryPoint","urlTemplate":"https:\/\/lotussafe.com\/de\/?s={search_term_string}"},"query-input":{"@type":"PropertyValueSpecification","valueRequired":true,"valueName":"search_term_string"}}],"inLanguage":"de"},{"@type":"Organization","@id":"https:\/\/lotussafe.com\/de\/#organization","name":"Lotus safe","url":"https:\/\/lotussafe.com\/de\/","logo":{"@type":"ImageObject","inLanguage":"de","@id":"https:\/\/lotussafe.com\/de\/#\/schema\/logo\/image\/","url":"https:\/\/lotussafe.com\/wp-content\/uploads\/2022\/07\/lotussafe-logo-01.png","contentUrl":"https:\/\/lotussafe.com\/wp-content\/uploads\/2022\/07\/lotussafe-logo-01.png","width":558,"height":159,"caption":"Lotus safe"},"image":{"@id":"https:\/\/lotussafe.com\/de\/#\/schema\/logo\/image\/"},"sameAs":["https:\/\/www.facebook.com\/lotussafe"]}]},"product_price_amount":"89.00","product_price_currency":"EUR","og_availability":"instock","product_availability":"instock","product_condition":"new"},"_links":{"self":[{"href":"https:\/\/lotussafe.com\/de\/wp-json\/wp\/v2\/product\/4169","targetHints":{"allow":["GET"]}}],"collection":[{"href":"https:\/\/lotussafe.com\/de\/wp-json\/wp\/v2\/product"}],"about":[{"href":"https:\/\/lotussafe.com\/de\/wp-json\/wp\/v2\/types\/product"}],"wp:featuredmedia":[{"embeddable":true,"href":"https:\/\/lotussafe.com\/de\/wp-json\/wp\/v2\/media\/5012"}],"wp:attachment":[{"href":"https:\/\/lotussafe.com\/de\/wp-json\/wp\/v2\/media?parent=4169"}],"wp:term":[{"taxonomy":"product_brand","embeddable":true,"href":"https:\/\/lotussafe.com\/de\/wp-json\/wp\/v2\/product_brand?post=4169"},{"taxonomy":"product_cat","embeddable":true,"href":"https:\/\/lotussafe.com\/de\/wp-json\/wp\/v2\/product_cat?post=4169"},{"taxonomy":"product_tag","embeddable":true,"href":"https:\/\/lotussafe.com\/de\/wp-json\/wp\/v2\/product_tag?post=4169"}],"curies":[{"name":"wp","href":"https:\/\/api.w.org\/{rel}","templated":true}]}}