{"id":3686,"date":"2022-08-19T12:03:23","date_gmt":"2022-08-19T10:03:23","guid":{"rendered":"https:\/\/lotussafe.com\/kofinanzierung-des-projekts\/"},"modified":"2023-02-17T13:56:47","modified_gmt":"2023-02-17T12:56:47","slug":"kofinanzierung-des-projekts","status":"publish","type":"page","link":"https:\/\/lotussafe.com\/de\/kofinanzierung-des-projekts\/","title":{"rendered":"Kofinanzierung des Projektes"},"content":{"rendered":"<div class=\"fusion-fullwidth fullwidth-box fusion-builder-row-1 fusion-flex-container nonhundred-percent-fullwidth non-hundred-percent-height-scrolling\" style=\"background-color: rgba(255,255,255,0);background-position: center center;background-repeat: no-repeat;border-width: 0px 0px 0px 0px;border-color:var(--awb-color3);border-style:solid;\" ><div class=\"fusion-builder-row fusion-row fusion-flex-align-items-flex-start\" style=\"max-width:1248px;margin-left: calc(-4% \/ 2 );margin-right: calc(-4% \/ 2 );\"><div class=\"fusion-layout-column fusion_builder_column fusion-builder-column-0 fusion_builder_column_1_1 1_1 fusion-flex-column\"><div class=\"fusion-column-wrapper fusion-flex-justify-content-flex-start fusion-content-layout-column\" style=\"background-position:left top;background-repeat:no-repeat;-webkit-background-size:cover;-moz-background-size:cover;-o-background-size:cover;background-size:cover;padding: 0px 0px 0px 0px;\"><style type=\"text\/css\">@media only screen and (max-width:1024px) {.fusion-title.fusion-title-1{margin-top:10px!important; margin-right:0px!important;margin-bottom:50px!important;margin-left:0px!important;}}@media only screen and (max-width:640px) {.fusion-title.fusion-title-1{margin-top:10px!important; margin-right:0px!important;margin-bottom:10px!important; margin-left:0px!important;}}<\/style><div class=\"fusion-title title fusion-title-1 fusion-sep-none fusion-title-text fusion-title-size-three\" style=\"margin-top:10px;margin-right:0px;margin-bottom:50px;margin-left:0px;\"><h3 class=\"title-heading-left\" style=\"margin:0;\">Finanzierung im Rahmen des Aufrufs f\u00fcr junge und innovative Unternehmen &#8211; P2 2020<\/h3><\/div><div class=\"fusion-text fusion-text-1\"><p>Im Fr\u00fchjahr 2020 haben wir uns erfolgreich f\u00fcr den Aufruf P2 2020 f\u00fcr junge und innovative Unternehmen beworben, wodurch wir eine Kofinanzierung f\u00fcr die Entwicklung unserer Produkte erhalten haben.<\/p>\n<p>Der erhaltene Zuschuss spielt eine wichtige Rolle f\u00fcr die weitere Entwicklung des Unternehmens, entsprechend dem Zeitplan, den wir uns f\u00fcr unsere Entwicklungsaktivit\u00e4ten gesetzt haben.<\/p>\n<p>Ziel ist es, die Entwicklung innovativer Produkte zum Schutz vor elektromagnetischer Hochfrequenzstrahlung (HF-EM), die im t\u00e4glichen Leben und in verschiedenen Situationen n\u00fctzlich sind, erfolgreich abzuschlie\u00dfen und ihren Verkauf auf den M\u00e4rkten Sloweniens, der EU und der \u00fcbrigen Welt zu realisieren.<\/p>\n<p>Wir setzen unsere Produktentwicklungsaktivit\u00e4ten fort: eine Schutzbox, ein Baby-Schutzkissen, ein Falt-Schutzkissen, eine Handy-Schutzh\u00fclle, eine ergonomische Schutzunterlage, die die HF-EM-Strahlung, die bei direktem Kontakt mit dem Ger\u00e4t in den K\u00f6rper eindringt, um mehr als 90 % reduzieren.<\/p>\n<p>Wir arbeiten auch aktiv an der Entwicklung einer Schutzfarbe f\u00fcr die Wohnung, die den Benutzer vor der Strahlung der \u00e4u\u00dferen Umgebung (Hochfrequenzsender in der N\u00e4he der Wohnung) sch\u00fctzen soll.<\/p>\n<p>Ziel der Ma\u00dfnahme ist es, die internationale Wettbewerbsf\u00e4higkeit zu steigern, das weitere erfolgreiche Wachstum und die Entwicklung des Unternehmens zu gew\u00e4hrleisten und zur Schaffung neuer Arbeitspl\u00e4tze im lokalen Wirtschaftsumfeld beizutragen.<\/p>\n<p>Der Investitionswert des Entwicklungsprojekts bel\u00e4uft sich auf 150.000,00 \u20ac, wovon der von der Republik Slowenien und der Europ\u00e4ischen Union aus dem Europ\u00e4ischen Fonds f\u00fcr regionale Entwicklung im Rahmen der Aufforderung zur Einreichung von Vorschl\u00e4gen f\u00fcr den Slowenischen Unternehmensfonds \u2013 P2 2020 kofinanzierte Zuschuss 54.000 \u20ac betr\u00e4gt.<\/p>\n<p>&nbsp;<\/p>\n<\/div><\/div><style type=\"text\/css\">.fusion-body .fusion-builder-column-0{width:100% !important;margin-top : 0px;margin-bottom : 0px;}.fusion-builder-column-0 > .fusion-column-wrapper {padding-top : 0px !important;padding-right : 0px !important;margin-right : 1.92%;padding-bottom : 0px !important;padding-left : 0px !important;margin-left : 1.92%;}@media only screen and (max-width:1024px) {.fusion-body .fusion-builder-column-0{width:100% !important;}.fusion-builder-column-0 > .fusion-column-wrapper {margin-right : 1.92%;margin-left : 1.92%;}}@media only screen and (max-width:640px) {.fusion-body .fusion-builder-column-0{width:100% !important;}.fusion-builder-column-0 > .fusion-column-wrapper {margin-right : 1.92%;margin-left : 1.92%;}}<\/style><\/div><\/div><style type=\"text\/css\">.fusion-body .fusion-flex-container.fusion-builder-row-1{ padding-top : 0px;margin-top : 0px;padding-right : 0px;padding-bottom : 0px;margin-bottom : 0px;padding-left : 0px;}<\/style><\/div>\n","protected":false},"excerpt":{"rendered":"","protected":false},"author":1,"featured_media":0,"parent":0,"menu_order":0,"comment_status":"closed","ping_status":"closed","template":"","meta":{"footnotes":""},"class_list":["post-3686","page","type-page","status-publish","hentry"],"yoast_head":"<!-- This site is optimized with the Yoast SEO plugin v24.4 - https:\/\/yoast.com\/wordpress\/plugins\/seo\/ -->\n<title>Kofinanzierung des Projektes - Lotus safe<\/title>\n<meta name=\"robots\" content=\"index, follow, max-snippet:-1, max-image-preview:large, max-video-preview:-1\" \/>\n<link rel=\"canonical\" href=\"https:\/\/lotussafe.com\/de\/kofinanzierung-des-projekts\/\" \/>\n<meta property=\"og:locale\" content=\"de_DE\" \/>\n<meta property=\"og:type\" content=\"article\" \/>\n<meta property=\"og:title\" content=\"Kofinanzierung des Projektes - Lotus safe\" \/>\n<meta property=\"og:url\" content=\"https:\/\/lotussafe.com\/de\/kofinanzierung-des-projekts\/\" \/>\n<meta property=\"og:site_name\" content=\"Lotus safe\" \/>\n<meta property=\"article:publisher\" content=\"https:\/\/www.facebook.com\/lotussafe\" \/>\n<meta property=\"article:modified_time\" content=\"2023-02-17T12:56:47+00:00\" \/>\n<meta name=\"twitter:card\" content=\"summary_large_image\" \/>\n<script type=\"application\/ld+json\" class=\"yoast-schema-graph\">{\"@context\":\"https:\/\/schema.org\",\"@graph\":[{\"@type\":\"WebPage\",\"@id\":\"https:\/\/lotussafe.com\/de\/kofinanzierung-des-projekts\/\",\"url\":\"https:\/\/lotussafe.com\/de\/kofinanzierung-des-projekts\/\",\"name\":\"Kofinanzierung des Projektes - Lotus safe\",\"isPartOf\":{\"@id\":\"https:\/\/lotussafe.com\/de\/#website\"},\"datePublished\":\"2022-08-19T10:03:23+00:00\",\"dateModified\":\"2023-02-17T12:56:47+00:00\",\"breadcrumb\":{\"@id\":\"https:\/\/lotussafe.com\/de\/kofinanzierung-des-projekts\/#breadcrumb\"},\"inLanguage\":\"de\",\"potentialAction\":[{\"@type\":\"ReadAction\",\"target\":[\"https:\/\/lotussafe.com\/de\/kofinanzierung-des-projekts\/\"]}]},{\"@type\":\"BreadcrumbList\",\"@id\":\"https:\/\/lotussafe.com\/de\/kofinanzierung-des-projekts\/#breadcrumb\",\"itemListElement\":[{\"@type\":\"ListItem\",\"position\":1,\"name\":\"Domov\",\"item\":\"https:\/\/lotussafe.com\/de\/startseite\/\"},{\"@type\":\"ListItem\",\"position\":2,\"name\":\"Kofinanzierung des Projektes\"}]},{\"@type\":\"WebSite\",\"@id\":\"https:\/\/lotussafe.com\/de\/#website\",\"url\":\"https:\/\/lotussafe.com\/de\/\",\"name\":\"Lotus safe\",\"description\":\"Protect yourself against RF EM radiation\",\"publisher\":{\"@id\":\"https:\/\/lotussafe.com\/de\/#organization\"},\"potentialAction\":[{\"@type\":\"SearchAction\",\"target\":{\"@type\":\"EntryPoint\",\"urlTemplate\":\"https:\/\/lotussafe.com\/de\/?s={search_term_string}\"},\"query-input\":{\"@type\":\"PropertyValueSpecification\",\"valueRequired\":true,\"valueName\":\"search_term_string\"}}],\"inLanguage\":\"de\"},{\"@type\":\"Organization\",\"@id\":\"https:\/\/lotussafe.com\/de\/#organization\",\"name\":\"Lotus safe\",\"url\":\"https:\/\/lotussafe.com\/de\/\",\"logo\":{\"@type\":\"ImageObject\",\"inLanguage\":\"de\",\"@id\":\"https:\/\/lotussafe.com\/de\/#\/schema\/logo\/image\/\",\"url\":\"https:\/\/lotussafe.com\/wp-content\/uploads\/2022\/07\/lotussafe-logo-01.png\",\"contentUrl\":\"https:\/\/lotussafe.com\/wp-content\/uploads\/2022\/07\/lotussafe-logo-01.png\",\"width\":558,\"height\":159,\"caption\":\"Lotus safe\"},\"image\":{\"@id\":\"https:\/\/lotussafe.com\/de\/#\/schema\/logo\/image\/\"},\"sameAs\":[\"https:\/\/www.facebook.com\/lotussafe\"]}]}<\/script>\n<!-- \/ Yoast SEO plugin. -->","yoast_head_json":{"title":"Kofinanzierung des Projektes - Lotus safe","robots":{"index":"index","follow":"follow","max-snippet":"max-snippet:-1","max-image-preview":"max-image-preview:large","max-video-preview":"max-video-preview:-1"},"canonical":"https:\/\/lotussafe.com\/de\/kofinanzierung-des-projekts\/","og_locale":"de_DE","og_type":"article","og_title":"Kofinanzierung des Projektes - Lotus safe","og_url":"https:\/\/lotussafe.com\/de\/kofinanzierung-des-projekts\/","og_site_name":"Lotus safe","article_publisher":"https:\/\/www.facebook.com\/lotussafe","article_modified_time":"2023-02-17T12:56:47+00:00","twitter_card":"summary_large_image","schema":{"@context":"https:\/\/schema.org","@graph":[{"@type":"WebPage","@id":"https:\/\/lotussafe.com\/de\/kofinanzierung-des-projekts\/","url":"https:\/\/lotussafe.com\/de\/kofinanzierung-des-projekts\/","name":"Kofinanzierung des Projektes - Lotus safe","isPartOf":{"@id":"https:\/\/lotussafe.com\/de\/#website"},"datePublished":"2022-08-19T10:03:23+00:00","dateModified":"2023-02-17T12:56:47+00:00","breadcrumb":{"@id":"https:\/\/lotussafe.com\/de\/kofinanzierung-des-projekts\/#breadcrumb"},"inLanguage":"de","potentialAction":[{"@type":"ReadAction","target":["https:\/\/lotussafe.com\/de\/kofinanzierung-des-projekts\/"]}]},{"@type":"BreadcrumbList","@id":"https:\/\/lotussafe.com\/de\/kofinanzierung-des-projekts\/#breadcrumb","itemListElement":[{"@type":"ListItem","position":1,"name":"Domov","item":"https:\/\/lotussafe.com\/de\/startseite\/"},{"@type":"ListItem","position":2,"name":"Kofinanzierung des Projektes"}]},{"@type":"WebSite","@id":"https:\/\/lotussafe.com\/de\/#website","url":"https:\/\/lotussafe.com\/de\/","name":"Lotus safe","description":"Protect yourself against RF EM radiation","publisher":{"@id":"https:\/\/lotussafe.com\/de\/#organization"},"potentialAction":[{"@type":"SearchAction","target":{"@type":"EntryPoint","urlTemplate":"https:\/\/lotussafe.com\/de\/?s={search_term_string}"},"query-input":{"@type":"PropertyValueSpecification","valueRequired":true,"valueName":"search_term_string"}}],"inLanguage":"de"},{"@type":"Organization","@id":"https:\/\/lotussafe.com\/de\/#organization","name":"Lotus safe","url":"https:\/\/lotussafe.com\/de\/","logo":{"@type":"ImageObject","inLanguage":"de","@id":"https:\/\/lotussafe.com\/de\/#\/schema\/logo\/image\/","url":"https:\/\/lotussafe.com\/wp-content\/uploads\/2022\/07\/lotussafe-logo-01.png","contentUrl":"https:\/\/lotussafe.com\/wp-content\/uploads\/2022\/07\/lotussafe-logo-01.png","width":558,"height":159,"caption":"Lotus safe"},"image":{"@id":"https:\/\/lotussafe.com\/de\/#\/schema\/logo\/image\/"},"sameAs":["https:\/\/www.facebook.com\/lotussafe"]}]}},"_links":{"self":[{"href":"https:\/\/lotussafe.com\/de\/wp-json\/wp\/v2\/pages\/3686","targetHints":{"allow":["GET"]}}],"collection":[{"href":"https:\/\/lotussafe.com\/de\/wp-json\/wp\/v2\/pages"}],"about":[{"href":"https:\/\/lotussafe.com\/de\/wp-json\/wp\/v2\/types\/page"}],"author":[{"embeddable":true,"href":"https:\/\/lotussafe.com\/de\/wp-json\/wp\/v2\/users\/1"}],"replies":[{"embeddable":true,"href":"https:\/\/lotussafe.com\/de\/wp-json\/wp\/v2\/comments?post=3686"}],"version-history":[{"count":5,"href":"https:\/\/lotussafe.com\/de\/wp-json\/wp\/v2\/pages\/3686\/revisions"}],"predecessor-version":[{"id":5395,"href":"https:\/\/lotussafe.com\/de\/wp-json\/wp\/v2\/pages\/3686\/revisions\/5395"}],"wp:attachment":[{"href":"https:\/\/lotussafe.com\/de\/wp-json\/wp\/v2\/media?parent=3686"}],"curies":[{"name":"wp","href":"https:\/\/api.w.org\/{rel}","templated":true}]}}